{"id":867,"date":"2020-09-08T09:31:44","date_gmt":"2020-09-08T07:31:44","guid":{"rendered":"http:\/\/k10086-1.server5.febas.net\/?page_id=867"},"modified":"2020-11-19T16:12:16","modified_gmt":"2020-11-19T15:12:16","slug":"hobby","status":"publish","type":"page","link":"https:\/\/www.hawita-group.com\/fr\/substrates\/hobby\/","title":{"rendered":"Hobby"},"content":{"rendered":"\n<div class=\"wp-block-image\"><figure class=\"aligncenter size-medium is-resized\"><img loading=\"lazy\" src=\"https:\/\/www.hawita-group.com\/wp-content\/uploads\/2020\/03\/Hawita-Fruhstorfer-Erde-Logo-mit-gr\u00fcnem-Kasten-300x200.png\" alt=\"\" class=\"wp-image-86\" width=\"225\" height=\"150\"\/><\/figure><\/div>\n\n\n\n<div class=\"wp-block-media-text alignwide has-media-on-the-right is-vertically-aligned-center\" style=\"grid-template-columns:auto 39%\"><figure class=\"wp-block-media-text__media\"><img src=\"https:\/\/www.hawita-group.com\/wp-content\/uploads\/2020\/09\/FRE-Group.png\" alt=\"\" class=\"wp-image-868\"\/><\/figure><div class=\"wp-block-media-text__content\">\n<p class=\"has-text-color has-large-font-size\" style=\"color:#798e9a\">Fruhstorfer Erde<\/p>\n\n\n\n<p>Notre assortiment complet de terreau haut de gamme \u00ab Fruhstorf \u00bb se distingue par son m\u00e9lange id\u00e9al de tourbe, de granulats, d\u2019engrais et d\u2019argile volcanique de grande qualit\u00e9.<\/p>\n<\/div><\/div>\n\n\n\n<figure class=\"wp-block-table is-style-regular\"><table class=\"has-fixed-layout\"><tbody><tr><td class=\"has-text-align-left\" data-align=\"left\"><strong><span class=\"has-inline-color has-luminous-vivid-orange-color\">NEW!<\/span><\/strong><br><strong>Garden and Plant soil<\/strong><br><br><br><\/td><td class=\"has-text-align-right\" data-align=\"right\"><img class=\"wp-image-971\" style=\"width: 75px\" src=\"https:\/\/www.hawita-group.com\/wp-content\/uploads\/2020\/09\/neuhawita-fruhstorfer-garten-und-pflanzerde-70l-scaled.jpg\" alt=\"\"><\/td><td class=\"has-text-align-right\" data-align=\"right\">70 l<br>45 l<br><br><br><\/td><\/tr><tr><td class=\"has-text-align-left\" data-align=\"left\"><strong>Terreau pour rhododendrons<\/strong><br><br><br><br><\/td><td class=\"has-text-align-right\" data-align=\"right\"><img class=\"wp-image-880\" style=\"width: 75px\" src=\"https:\/\/www.hawita-group.com\/wp-content\/uploads\/2020\/09\/Hawita-Fruhstorfer-Rhodoerde-70L-Small.jpg\" alt=\"\"><\/td><td class=\"has-text-align-right\" data-align=\"right\">70 l<br>45 l<br>15 l<br><br><br><\/td><\/tr><tr><td class=\"has-text-align-left\" data-align=\"left\"><strong>Terreau pour rosiers<\/strong><br><br><br><br><\/td><td class=\"has-text-align-right\" data-align=\"right\"><img class=\"wp-image-881\" style=\"width: 75px\" src=\"https:\/\/www.hawita-group.com\/wp-content\/uploads\/2020\/09\/Hawita-Fruhstorfer-Rosenerde-15L-Griff-Small.jpg\" alt=\"\"><\/td><td class=\"has-text-align-right\" data-align=\"right\">45 l<br>15 l<br><br><br><\/td><\/tr><tr><td class=\"has-text-align-left\" data-align=\"left\"><strong>Terreau pour plantes aquatiques<\/strong><br><br><br><br><\/td><td class=\"has-text-align-right\" data-align=\"right\"><img class=\"wp-image-883\" style=\"width: 75px\" src=\"https:\/\/www.hawita-group.com\/wp-content\/uploads\/2020\/09\/Hawita-Fruhstorfer-Wasserpflanzenerde-15L-Griff-Small.jpg\" alt=\"\"><\/td><td class=\"has-text-align-right\" data-align=\"right\">15 l<br><br><br><br><\/td><\/tr><tr><td class=\"has-text-align-left\" data-align=\"left\"><strong>Terreau pour fleurs<\/strong><br><br><br><br><br><\/td><td class=\"has-text-align-right\" data-align=\"right\"><img class=\"wp-image-872\" style=\"width: 75px\" src=\"https:\/\/www.hawita-group.com\/wp-content\/uploads\/2020\/09\/Hawita-Fruhstorfer-Blumenerde-70L-Small.jpg\" alt=\"\"><\/td><td class=\"has-text-align-right\" data-align=\"right\">70 l<br>45 l<br>15 l<br>5 l<br><br><\/td><\/tr><tr><td class=\"has-text-align-left\" data-align=\"left\"><strong>Terreau pour g\u00e9raniums<\/strong><br><br><br><br><br><\/td><td class=\"has-text-align-right\" data-align=\"right\"><img class=\"wp-image-873\" style=\"width: 75px\" src=\"https:\/\/www.hawita-group.com\/wp-content\/uploads\/2020\/09\/Hawita-Fruhstorfer-Geranienerde-70L-Small.jpg\" alt=\"\"><\/td><td class=\"has-text-align-right\" data-align=\"right\">70 l<br>45 l<br><br><br><br><\/td><\/tr><tr><td class=\"has-text-align-left\" data-align=\"left\"><strong>Terreau pour plantes en bac<\/strong><br><br><br><br><\/td><td class=\"has-text-align-right\" data-align=\"right\"><img class=\"wp-image-877\" style=\"width: 75px\" src=\"https:\/\/www.hawita-group.com\/wp-content\/uploads\/2020\/09\/Hawita-Fruhstorfer-Kuebelpflanzenerde-45L-Small.jpg\" alt=\"\"><\/td><td class=\"has-text-align-right\" data-align=\"right\">45 l<br>15 l<br><br><br><\/td><\/tr><tr><td class=\"has-text-align-left\" data-align=\"left\"><strong>Terreau pour p\u00e9tunias<\/strong><br><br><br><br><br><\/td><td class=\"has-text-align-right\" data-align=\"right\"><img class=\"wp-image-882\" style=\"width: 75px\" src=\"https:\/\/www.hawita-group.com\/wp-content\/uploads\/2020\/09\/Hawita-Fruhstorfer-Surfiniaerde-45L-Small.jpg\" alt=\"\"><\/td><td class=\"has-text-align-right\" data-align=\"right\">45 l<br><br><br><br><br><\/td><\/tr><tr><td class=\"has-text-align-left\" data-align=\"left\"><strong>Terreau pour cactus<\/strong><br><br><br><\/td><td class=\"has-text-align-right\" data-align=\"right\"><img class=\"wp-image-876\" style=\"width: 75px\" src=\"https:\/\/www.hawita-group.com\/wp-content\/uploads\/2020\/09\/Hawita-Fruhstorfer-Kakteen-und-Bonsaierde-5L-Small.jpg\" alt=\"\"><\/td><td class=\"has-text-align-right\" data-align=\"right\">5 l<br><br><br><\/td><\/tr><tr><td class=\"has-text-align-left\" data-align=\"left\"><strong>Terreau pour orchid\u00e9es<\/strong><br><br><br><\/td><td class=\"has-text-align-right\" data-align=\"right\"><img class=\"wp-image-878\" style=\"width: 75px\" src=\"https:\/\/www.hawita-group.com\/wp-content\/uploads\/2020\/09\/Hawita-Fruhstorfer-Orchideenerde-5L-Small.jpg\" alt=\"\"><\/td><td class=\"has-text-align-right\" data-align=\"right\">5 l<br><br><br><\/td><\/tr><tr><td class=\"has-text-align-left\" data-align=\"left\"><strong>Terreau bio pour semis et plantes aromatiques<\/strong><br><br><br><br><\/td><td class=\"has-text-align-right\" data-align=\"right\"><img class=\"wp-image-886\" style=\"width: 75px\" src=\"https:\/\/www.hawita-group.com\/wp-content\/uploads\/2020\/09\/Hawita-Fruhstorfer-Bio-Aussaat-und-Kraeutererde-15L-Griff-Small.jpg\" alt=\"\"><\/td><td class=\"has-text-align-right\" data-align=\"right\">15 l<br><br><br><br><br><\/td><\/tr><tr><td class=\"has-text-align-left\" data-align=\"left\"><strong>Terreau bio pour fleurs et plantes<\/strong><br><br><br><br><\/td><td class=\"has-text-align-right\" data-align=\"right\"><img class=\"wp-image-887\" style=\"width: 75px\" src=\"https:\/\/www.hawita-group.com\/wp-content\/uploads\/2020\/09\/Hawita-Fruhstorfer-Bio-Blumen-und-Pflanzerde-45L-Small.jpg\" alt=\"\"><\/td><td class=\"has-text-align-right\" data-align=\"right\">45 l<br>15 l<br><br><br><br><\/td><\/tr><tr><td class=\"has-text-align-left\" data-align=\"left\"><strong>Terreau bio pour tomates et l\u00e9gumes<\/strong><br><br><br><br><\/td><td class=\"has-text-align-right\" data-align=\"right\"><img class=\"wp-image-871\" style=\"width: 75px\" src=\"https:\/\/www.hawita-group.com\/wp-content\/uploads\/2020\/09\/Hawita-Fruhstorfer-Bio-Tomaten-und-Gemueseerde-15L-Griff-Small.jpg\" alt=\"\"><\/td><td class=\"has-text-align-right\" data-align=\"right\">45 l<br>15 l<br><br><br><br><\/td><\/tr><tr><td class=\"has-text-align-left\" data-align=\"left\"><strong>Compost bio et terreau pour conteneurs<\/strong><br><br><br><br><\/td><td class=\"has-text-align-right\" data-align=\"right\"><img class=\"wp-image-888\" style=\"width: 75px\" src=\"https:\/\/www.hawita-group.com\/wp-content\/uploads\/2020\/09\/Hawita-Fruhstorfer-Bio-Kompost-und-Hochbeeterde-70L-Small.jpg\" alt=\"\"><\/td><td class=\"has-text-align-right\" data-align=\"right\">70 l<br>15 l<br><br><br><br><\/td><\/tr><tr><td class=\"has-text-align-left\" data-align=\"left\"><strong>Sowing soil<\/strong><br><br><br><br><\/td><td class=\"has-text-align-right\" data-align=\"right\"><img class=\"wp-image-885\" style=\"width: 75px\" src=\"https:\/\/www.hawita-group.com\/wp-content\/uploads\/2020\/09\/Hawita-Fruhstorfer-Aussaaterde-15-l-Griff-Small.jpg\" alt=\"\"><\/td><td class=\"has-text-align-right\" data-align=\"right\">15 l<br><br><br><br><\/td><\/tr><tr><td class=\"has-text-align-left\" data-align=\"left\"><strong>Soil for palms and herbaceus plants<\/strong><br><br><br><br><\/td><td class=\"has-text-align-right\" data-align=\"right\"><img class=\"wp-image-874\" style=\"width: 75px\" src=\"https:\/\/www.hawita-group.com\/wp-content\/uploads\/2020\/09\/Hawita-Fruhstorfer-Gruenpflanzenerde-15L-Small.jpg\" alt=\"\"><\/td><td class=\"has-text-align-right\" data-align=\"right\">15 l<br><br><br><br><br><\/td><\/tr><tr><td class=\"has-text-align-left\" data-align=\"left\"><strong>Soil for hydrangea<\/strong><br><br><br><br><\/td><td class=\"has-text-align-right\" data-align=\"right\"><img class=\"wp-image-875\" style=\"width: 75px\" src=\"https:\/\/www.hawita-group.com\/wp-content\/uploads\/2020\/09\/Hawita-Fruhstorfer-Hortensienerde-15L-Griff-Small.jpg\" alt=\"\"><\/td><td class=\"has-text-align-right\" data-align=\"right\">15 l<br><br><br><br><\/td><\/tr><tr><td class=\"has-text-align-left\" data-align=\"left\"><strong>Citrus potting soil<\/strong><br><br><br><br><\/td><td class=\"has-text-align-right\" data-align=\"right\"><img class=\"wp-image-884\" style=\"width: 75px\" src=\"https:\/\/www.hawita-group.com\/wp-content\/uploads\/2020\/09\/Hawita-Fruhstorfer-Zitruspflanzenerde-15L-Griff-Small.jpg\" alt=\"\"><\/td><td class=\"has-text-align-right\" data-align=\"right\">15 l<br><br><br><br><\/td><\/tr><\/tbody><\/table><\/figure>\n\n\n\n<hr class=\"wp-block-separator is-style-wide\"\/>\n\n\n\n<div class=\"wp-block-image\"><figure class=\"aligncenter size-medium is-resized\"><img loading=\"lazy\" src=\"https:\/\/www.hawita-group.com\/wp-content\/uploads\/2020\/03\/Hawita-flor-Logo-mit-gr\u00fcnem-Kasten-300x200.png\" alt=\"\" class=\"wp-image-85\" width=\"225\" height=\"150\"\/><\/figure><\/div>\n\n\n\n<div class=\"wp-block-media-text alignwide has-media-on-the-right is-vertically-aligned-center\" style=\"grid-template-columns:auto 39%\"><figure class=\"wp-block-media-text__media\"><img src=\"https:\/\/www.hawita-group.com\/wp-content\/uploads\/2020\/09\/HAWFGroup.png\" alt=\"\" class=\"wp-image-911\"\/><\/figure><div class=\"wp-block-media-text__content\">\n<p class=\"has-text-color has-large-font-size\" style=\"color:#798e9a\">Hawita Flor<\/p>\n\n\n\n<p>Nos cinq terreaux, Hawita Flor, offrent un large \u00e9ventail de terreaux pour fleurs jusqu\u2019au terreau pour rhododendrons. Chaque amateur de jardinage y trouvera son bonheur.<\/p>\n<\/div><\/div>\n\n\n\n<figure class=\"wp-block-table\"><table class=\"has-fixed-layout\"><tbody><tr><td><strong>Hawita Terreau pour fleurs<\/strong><br><br><br><\/td><td class=\"has-text-align-right\" data-align=\"right\"><img class=\"wp-image-913\" style=\"width: 75px\" src=\"https:\/\/www.hawita-group.com\/wp-content\/uploads\/2020\/09\/HAWITA-Flor-Meine-Erde-Blumenerde-3D-Klein.jpg\" alt=\"\"><\/td><td class=\"has-text-align-right\" data-align=\"right\">10 l<br>20 l<br>45 l<br>70 l<br><\/td><\/tr><tr><td><strong>Hawita Terreau pour g\u00e9raniums<\/strong><br><br><br><br><\/td><td class=\"has-text-align-right\" data-align=\"right\"><img class=\"wp-image-914\" style=\"width: 75px\" src=\"https:\/\/www.hawita-group.com\/wp-content\/uploads\/2020\/09\/HAWITA-Flor-Meine-Erde-Geranienerde-3D-Klein.jpg\" alt=\"\"><\/td><td class=\"has-text-align-right\" data-align=\"right\">70 l<br>45 l<br><br><br><\/td><\/tr><tr><td><strong>Hawita Terreau pour plantes en pots<\/strong><br><br><br><\/td><td class=\"has-text-align-right\" data-align=\"right\"><img class=\"wp-image-915\" style=\"width: 75px\" src=\"https:\/\/www.hawita-group.com\/wp-content\/uploads\/2020\/09\/HAWITA-Flor-Meine-Erde-Kuebelpflanzenerde-3D-Klein.jpg\" alt=\"\"><\/td><td class=\"has-text-align-right\" data-align=\"right\">45 l<br><br><br><br><\/td><\/tr><tr><td><strong>Hawita Terreau pour plantes<\/strong><br><br><br><\/td><td class=\"has-text-align-right\" data-align=\"right\"><img class=\"wp-image-916\" style=\"width: 75px\" src=\"https:\/\/www.hawita-group.com\/wp-content\/uploads\/2020\/09\/HAWITA-Flor-Meine-Erde-Pflanzerde-3D-Klein.jpg\" alt=\"\"><\/td><td class=\"has-text-align-right\" data-align=\"right\">70 l<br>45 l<br><br><br><\/td><\/tr><tr><td><strong>Hawita Terreau pour rhododendron<\/strong><br><br><br><br><\/td><td class=\"has-text-align-right\" data-align=\"right\"><img class=\"wp-image-917\" style=\"width: 75px\" src=\"https:\/\/www.hawita-group.com\/wp-content\/uploads\/2020\/09\/HAWITA-Flor-Meine-Erde-Rhododendronerde-3D-Klein.jpg\" alt=\"\"><\/td><td class=\"has-text-align-right\" data-align=\"right\">70 l<br>20 l<br><br><br><\/td><\/tr><\/tbody><\/table><\/figure>\n\n\n\n<hr class=\"wp-block-separator is-style-wide\"\/>\n\n\n\n<p class=\"has-text-color has-large-font-size\" style=\"color:#798e9a\">Premium<\/p>\n\n\n\n<p>Notre terreau Premium se caract\u00e9rise par des mati\u00e8res premi\u00e8res et des engrais de grande qualit\u00e9.<\/p>\n\n\n\n<figure class=\"wp-block-table\"><table class=\"has-fixed-layout\"><tbody><tr><td class=\"has-text-align-center\" data-align=\"center\"><strong>Terreau universel pour fleurs<\/strong><br><span style=\"color:#abc433\" class=\"has-inline-color\">5 l, 15 l, 45 l, 70 l<\/span><\/td><td class=\"has-text-align-center\" data-align=\"center\"><strong><strong>Terreau pour plantes en pots<\/strong><br><\/strong><span style=\"color:#abc433\" class=\"has-inline-color\">45 l<\/span><\/td><\/tr><tr><td class=\"has-text-align-center\" data-align=\"center\"><img class=\"wp-image-956\" style=\"width: 150px\" src=\"https:\/\/www.hawita-group.com\/wp-content\/uploads\/2020\/09\/Premium-Blumenerde-45-l-2018.jpg\" alt=\"\"><\/td><td class=\"has-text-align-center\" data-align=\"center\"><img class=\"wp-image-957\" style=\"width: 150px\" src=\"https:\/\/www.hawita-group.com\/wp-content\/uploads\/2020\/09\/Premium-Kuebelpflanzenerde-45-l-2018.jpg\" alt=\"\"><\/td><\/tr><\/tbody><\/table><\/figure>\n\n\n\n<hr class=\"wp-block-separator is-style-wide\"\/>\n\n\n\n<p class=\"has-text-color has-large-font-size\" style=\"color:#798e9a\">Ahrens<\/p>\n\n\n\n<p>Notre terreau pour fleurs, Ahrens, convient parfaitement \u00e0 chaque amateur de jardinage<\/p>\n\n\n\n<div class=\"wp-block-media-text alignwide has-media-on-the-right is-vertically-aligned-top\" style=\"grid-template-columns:auto 30%\"><figure class=\"wp-block-media-text__media\"><img src=\"https:\/\/www.hawita-group.com\/wp-content\/uploads\/2020\/09\/Ahrens-Blumen-und-Pflanzerde-neu.jpg\" alt=\"\" class=\"wp-image-963\"\/><\/figure><div class=\"wp-block-media-text__content\">\n<p class=\"has-text-align-left\"><strong>Terreau universel pour plantes en fleurs<br><\/strong><span style=\"color:#abc433\" class=\"has-inline-color\">20 l, 40 l, 70 l<\/span><\/p>\n<\/div><\/div>\n\n\n\n<hr class=\"wp-block-separator is-style-wide\"\/>\n\n\n\n<p class=\"has-text-color has-large-font-size\" style=\"color:#798e9a\">EcoBalt<\/p>\n\n\n\n<p>Nous livrons notre terreau pour fleurs, de la collection \u00ab EcoBalt \u00bb, directement de Lettonie.<\/p>\n\n\n\n<div class=\"wp-block-media-text alignwide has-media-on-the-right is-vertically-aligned-top\" style=\"grid-template-columns:auto 30%\"><figure class=\"wp-block-media-text__media\"><img src=\"https:\/\/www.hawita-group.com\/wp-content\/uploads\/2020\/09\/NordTorf-EcoBalt-Blumenerde-70L-724x1024.jpg\" alt=\"\" class=\"wp-image-968\"\/><\/figure><div class=\"wp-block-media-text__content\">\n<p class=\"has-text-align-left\"><img class=\"wp-image-403\" style=\"width: 75px\" src=\"https:\/\/www.hawita-group.com\/wp-content\/uploads\/2020\/03\/Flagge-Lettland.png\" alt=\"\"><br><strong><strong>Terreau universel pour plantes en fleurs<\/strong><\/strong><br><span style=\"color:#abc433\" class=\"has-inline-color\">20 l, 50 l, 70 l<\/span><\/p>\n<\/div><\/div>\n\n\n\n<hr class=\"wp-block-separator is-style-wide\"\/>\n","protected":false},"excerpt":{"rendered":"<p>Fruhstorfer Erde Notre assortiment complet de terreau haut de gamme \u00ab Fruhstorf \u00bb se distingue par son m\u00e9lange id\u00e9al de tourbe, de granulats, d\u2019engrais et d\u2019argile volcanique de grande qualit\u00e9. NEW!Garden and Plant soil 70 l45 l Terreau pour rhododendrons 70 l45 l15 l Terreau pour rosiers 45 l15 l Terreau pour plantes aquatiques 15 &hellip; <\/p>\n<p class=\"link-more\"><a href=\"https:\/\/www.hawita-group.com\/fr\/substrates\/hobby\/\" class=\"more-link\"><span class=\"screen-reader-text\">\u201eHobby\u201c<\/span> weiterlesen<\/a><\/p>\n","protected":false},"author":1,"featured_media":0,"parent":307,"menu_order":0,"comment_status":"closed","ping_status":"closed","template":"","meta":[],"yoast_head":"<!-- This site is optimized with the Yoast SEO plugin v18.2 - https:\/\/yoast.com\/wordpress\/plugins\/seo\/ -->\n<title>Hobby - Hawita Group GmbH - FR<\/title>\n<meta name=\"robots\" content=\"index, follow, max-snippet:-1, max-image-preview:large, max-video-preview:-1\" \/>\n<link rel=\"canonical\" href=\"https:\/\/www.hawita-group.com\/fr\/substrates\/hobby\/\" \/>\n<meta property=\"og:locale\" content=\"de_DE\" \/>\n<meta property=\"og:type\" content=\"article\" \/>\n<meta property=\"og:title\" content=\"Hobby - Hawita Group GmbH - FR\" \/>\n<meta property=\"og:description\" content=\"Fruhstorfer Erde Notre assortiment complet de terreau haut de gamme \u00ab Fruhstorf \u00bb se distingue par son m\u00e9lange id\u00e9al de tourbe, de granulats, d\u2019engrais et d\u2019argile volcanique de grande qualit\u00e9. NEW!Garden and Plant soil 70 l45 l Terreau pour rhododendrons 70 l45 l15 l Terreau pour rosiers 45 l15 l Terreau pour plantes aquatiques 15 &hellip; \u201eHobby\u201c weiterlesen\" \/>\n<meta property=\"og:url\" content=\"https:\/\/www.hawita-group.com\/fr\/substrates\/hobby\/\" \/>\n<meta property=\"og:site_name\" content=\"Hawita Group GmbH - FR\" \/>\n<meta property=\"article:publisher\" content=\"https:\/\/www.facebook.com\/hawitagruppe\" \/>\n<meta property=\"article:modified_time\" content=\"2020-11-19T15:12:16+00:00\" \/>\n<meta property=\"og:image\" content=\"https:\/\/www.hawita-group.com\/wp-content\/uploads\/2020\/03\/Hawita-Fruhstorfer-Erde-Logo-mit-gr\u00fcnem-Kasten-300x200.png\" \/>\n<meta name=\"twitter:card\" content=\"summary_large_image\" \/>\n<meta name=\"twitter:label1\" content=\"Gesch\u00e4tzte Lesezeit\" \/>\n\t<meta name=\"twitter:data1\" content=\"1\u00a0Minute\" \/>\n<script type=\"application\/ld+json\" class=\"yoast-schema-graph\">{\"@context\":\"https:\/\/schema.org\",\"@graph\":[{\"@type\":\"WebSite\",\"@id\":\"https:\/\/www.hawita-group.com\/fr\/#website\",\"url\":\"https:\/\/www.hawita-group.com\/fr\/\",\"name\":\"Hawita Group GmbH - FR\",\"description\":\"\",\"potentialAction\":[{\"@type\":\"SearchAction\",\"target\":{\"@type\":\"EntryPoint\",\"urlTemplate\":\"https:\/\/www.hawita-group.com\/fr\/?s={search_term_string}\"},\"query-input\":\"required name=search_term_string\"}],\"inLanguage\":\"de\"},{\"@type\":\"ImageObject\",\"@id\":\"https:\/\/www.hawita-group.com\/fr\/substrates\/hobby\/#primaryimage\",\"inLanguage\":\"de\",\"url\":\"https:\/\/www.hawita-group.com\/wp-content\/uploads\/2020\/03\/Hawita-Fruhstorfer-Erde-Logo-mit-gr\u00fcnem-Kasten-300x200.png\",\"contentUrl\":\"https:\/\/www.hawita-group.com\/wp-content\/uploads\/2020\/03\/Hawita-Fruhstorfer-Erde-Logo-mit-gr\u00fcnem-Kasten-300x200.png\"},{\"@type\":\"WebPage\",\"@id\":\"https:\/\/www.hawita-group.com\/fr\/substrates\/hobby\/#webpage\",\"url\":\"https:\/\/www.hawita-group.com\/fr\/substrates\/hobby\/\",\"name\":\"Hobby - Hawita Group GmbH - FR\",\"isPartOf\":{\"@id\":\"https:\/\/www.hawita-group.com\/fr\/#website\"},\"primaryImageOfPage\":{\"@id\":\"https:\/\/www.hawita-group.com\/fr\/substrates\/hobby\/#primaryimage\"},\"datePublished\":\"2020-09-08T07:31:44+00:00\",\"dateModified\":\"2020-11-19T15:12:16+00:00\",\"breadcrumb\":{\"@id\":\"https:\/\/www.hawita-group.com\/fr\/substrates\/hobby\/#breadcrumb\"},\"inLanguage\":\"de\",\"potentialAction\":[{\"@type\":\"ReadAction\",\"target\":[\"https:\/\/www.hawita-group.com\/fr\/substrates\/hobby\/\"]}]},{\"@type\":\"BreadcrumbList\",\"@id\":\"https:\/\/www.hawita-group.com\/fr\/substrates\/hobby\/#breadcrumb\",\"itemListElement\":[{\"@type\":\"ListItem\",\"position\":1,\"name\":\"Startseite\",\"item\":\"https:\/\/www.hawita-group.com\/fr\/\"},{\"@type\":\"ListItem\",\"position\":2,\"name\":\"Substrats\",\"item\":\"https:\/\/www.hawita-group.com\/fr\/substrates\/\"},{\"@type\":\"ListItem\",\"position\":3,\"name\":\"Hobby\"}]}]}<\/script>\n<!-- \/ Yoast SEO plugin. -->","yoast_head_json":{"title":"Hobby - Hawita Group GmbH - FR","robots":{"index":"index","follow":"follow","max-snippet":"max-snippet:-1","max-image-preview":"max-image-preview:large","max-video-preview":"max-video-preview:-1"},"canonical":"https:\/\/www.hawita-group.com\/fr\/substrates\/hobby\/","og_locale":"de_DE","og_type":"article","og_title":"Hobby - Hawita Group GmbH - FR","og_description":"Fruhstorfer Erde Notre assortiment complet de terreau haut de gamme \u00ab Fruhstorf \u00bb se distingue par son m\u00e9lange id\u00e9al de tourbe, de granulats, d\u2019engrais et d\u2019argile volcanique de grande qualit\u00e9. NEW!Garden and Plant soil 70 l45 l Terreau pour rhododendrons 70 l45 l15 l Terreau pour rosiers 45 l15 l Terreau pour plantes aquatiques 15 &hellip; \u201eHobby\u201c weiterlesen","og_url":"https:\/\/www.hawita-group.com\/fr\/substrates\/hobby\/","og_site_name":"Hawita Group GmbH - FR","article_publisher":"https:\/\/www.facebook.com\/hawitagruppe","article_modified_time":"2020-11-19T15:12:16+00:00","og_image":[{"url":"https:\/\/www.hawita-group.com\/wp-content\/uploads\/2020\/03\/Hawita-Fruhstorfer-Erde-Logo-mit-gr\u00fcnem-Kasten-300x200.png"}],"twitter_card":"summary_large_image","twitter_misc":{"Gesch\u00e4tzte Lesezeit":"1\u00a0Minute"},"schema":{"@context":"https:\/\/schema.org","@graph":[{"@type":"WebSite","@id":"https:\/\/www.hawita-group.com\/fr\/#website","url":"https:\/\/www.hawita-group.com\/fr\/","name":"Hawita Group GmbH - FR","description":"","potentialAction":[{"@type":"SearchAction","target":{"@type":"EntryPoint","urlTemplate":"https:\/\/www.hawita-group.com\/fr\/?s={search_term_string}"},"query-input":"required name=search_term_string"}],"inLanguage":"de"},{"@type":"ImageObject","@id":"https:\/\/www.hawita-group.com\/fr\/substrates\/hobby\/#primaryimage","inLanguage":"de","url":"https:\/\/www.hawita-group.com\/wp-content\/uploads\/2020\/03\/Hawita-Fruhstorfer-Erde-Logo-mit-gr\u00fcnem-Kasten-300x200.png","contentUrl":"https:\/\/www.hawita-group.com\/wp-content\/uploads\/2020\/03\/Hawita-Fruhstorfer-Erde-Logo-mit-gr\u00fcnem-Kasten-300x200.png"},{"@type":"WebPage","@id":"https:\/\/www.hawita-group.com\/fr\/substrates\/hobby\/#webpage","url":"https:\/\/www.hawita-group.com\/fr\/substrates\/hobby\/","name":"Hobby - Hawita Group GmbH - FR","isPartOf":{"@id":"https:\/\/www.hawita-group.com\/fr\/#website"},"primaryImageOfPage":{"@id":"https:\/\/www.hawita-group.com\/fr\/substrates\/hobby\/#primaryimage"},"datePublished":"2020-09-08T07:31:44+00:00","dateModified":"2020-11-19T15:12:16+00:00","breadcrumb":{"@id":"https:\/\/www.hawita-group.com\/fr\/substrates\/hobby\/#breadcrumb"},"inLanguage":"de","potentialAction":[{"@type":"ReadAction","target":["https:\/\/www.hawita-group.com\/fr\/substrates\/hobby\/"]}]},{"@type":"BreadcrumbList","@id":"https:\/\/www.hawita-group.com\/fr\/substrates\/hobby\/#breadcrumb","itemListElement":[{"@type":"ListItem","position":1,"name":"Startseite","item":"https:\/\/www.hawita-group.com\/fr\/"},{"@type":"ListItem","position":2,"name":"Substrats","item":"https:\/\/www.hawita-group.com\/fr\/substrates\/"},{"@type":"ListItem","position":3,"name":"Hobby"}]}]}},"_links":{"self":[{"href":"https:\/\/www.hawita-group.com\/fr\/wp-json\/wp\/v2\/pages\/867"}],"collection":[{"href":"https:\/\/www.hawita-group.com\/fr\/wp-json\/wp\/v2\/pages"}],"about":[{"href":"https:\/\/www.hawita-group.com\/fr\/wp-json\/wp\/v2\/types\/page"}],"author":[{"embeddable":true,"href":"https:\/\/www.hawita-group.com\/fr\/wp-json\/wp\/v2\/users\/1"}],"replies":[{"embeddable":true,"href":"https:\/\/www.hawita-group.com\/fr\/wp-json\/wp\/v2\/comments?post=867"}],"version-history":[{"count":3,"href":"https:\/\/www.hawita-group.com\/fr\/wp-json\/wp\/v2\/pages\/867\/revisions"}],"predecessor-version":[{"id":1766,"href":"https:\/\/www.hawita-group.com\/fr\/wp-json\/wp\/v2\/pages\/867\/revisions\/1766"}],"up":[{"embeddable":true,"href":"https:\/\/www.hawita-group.com\/fr\/wp-json\/wp\/v2\/pages\/307"}],"wp:attachment":[{"href":"https:\/\/www.hawita-group.com\/fr\/wp-json\/wp\/v2\/media?parent=867"}],"curies":[{"name":"wp","href":"https:\/\/api.w.org\/{rel}","templated":true}]}}