{"id":307,"date":"2020-03-16T09:32:24","date_gmt":"2020-03-16T08:32:24","guid":{"rendered":"http:\/\/k10086-1.server5.febas.net\/?page_id=307"},"modified":"2020-11-19T10:45:25","modified_gmt":"2020-11-19T09:45:25","slug":"substrates","status":"publish","type":"page","link":"https:\/\/www.hawita-group.com\/fr\/substrates\/","title":{"rendered":"Substrats"},"content":{"rendered":"\n<div class=\"wp-block-image\"><figure class=\"aligncenter size-large is-resized\"><img loading=\"lazy\" src=\"https:\/\/www.hawita-group.com\/wp-content\/uploads\/2020\/03\/Hawita-professional-Logo-mit-gr\u00fcnem-Kasten-300x200.png\" alt=\"\" width=\"225\" height=\"150\"\/><\/figure><\/div>\n\n\n\n<div class=\"wp-block-image\"><figure class=\"aligncenter size-large\"><img loading=\"lazy\" width=\"540\" height=\"489\" src=\"https:\/\/www.hawita-group.com\/fr\/wp-content\/uploads\/sites\/4\/2020\/11\/Export-Composing-web.png\" alt=\"\" class=\"wp-image-1756\" srcset=\"https:\/\/www.hawita-group.com\/fr\/wp-content\/uploads\/sites\/4\/2020\/11\/Export-Composing-web.png 540w, https:\/\/www.hawita-group.com\/fr\/wp-content\/uploads\/sites\/4\/2020\/11\/Export-Composing-web-300x272.png 300w\" sizes=\"(max-width: 540px) 100vw, 540px\" \/><\/figure><\/div>\n\n\n\n<hr class=\"wp-block-separator is-style-wide\"\/>\n\n\n\n<div class=\"wp-container-1 wp-block-buttons aligncenter\">\n<div class=\"wp-block-button\"><a class=\"wp-block-button__link has-background\" href=\"https:\/\/www.hawita-group.com\/fr\/substrates\/substrates-for-vegetables\/\" style=\"border-radius:5px;background-color:#abc433\"><strong>L\u00c9GUMES<\/strong><\/a><\/div>\n<\/div>\n\n\n\n<figure class=\"wp-block-image size-large is-style-mvf\"><a href=\"https:\/\/www.hawita-group.com\/substrates\/substrates-for-vegetables\/\"><img src=\"https:\/\/www.hawita-group.com\/wp-content\/uploads\/2020\/09\/Vegetables.png\" alt=\"\"\/><\/a><\/figure>\n\n\n\n<hr class=\"wp-block-separator is-style-wide\"\/>\n\n\n\n<div class=\"wp-container-2 wp-block-buttons aligncenter\">\n<div class=\"wp-block-button is-style-fill\"><a class=\"wp-block-button__link has-white-color has-text-color has-background\" href=\"https:\/\/www.hawita-group.com\/fr\/substrates\/substrates-for-ornamental-plants\/\" style=\"border-radius:5px;background-color:#abc433\"><strong>ORNEMENTAL<\/strong><\/a><\/div>\n<\/div>\n\n\n\n<figure class=\"wp-block-image size-large is-style-mvf\"><a href=\"https:\/\/www.hawita-group.com\/substrates\/substrates-for-ornamental-plants\/\"><img src=\"https:\/\/www.hawita-group.com\/wp-content\/uploads\/2020\/09\/Ornamental.png\" alt=\"\"\/><\/a><\/figure>\n\n\n\n<hr class=\"wp-block-separator is-style-wide\"\/>\n\n\n\n<div class=\"wp-container-3 wp-block-buttons aligncenter\">\n<div class=\"wp-block-button is-style-fill\"><a class=\"wp-block-button__link has-white-color has-text-color has-background\" href=\"https:\/\/www.hawita-group.com\/fr\/substrates\/nursery-substrates\/\" style=\"border-radius:5px;background-color:#abc433\"><strong>P\u00c9PINI\u00c8RES<\/strong><\/a><\/div>\n<\/div>\n\n\n\n<figure class=\"wp-block-image size-large is-style-mvf\"><a href=\"https:\/\/www.hawita-group.com\/substrates\/nursery-substrates\/\"><img src=\"https:\/\/www.hawita-group.com\/wp-content\/uploads\/2020\/09\/Nursery.png\" alt=\"\"\/><\/a><\/figure>\n\n\n\n<hr class=\"wp-block-separator is-style-wide\"\/>\n\n\n\n<div class=\"wp-container-4 wp-block-buttons aligncenter\">\n<div class=\"wp-block-button is-style-fill\"><a class=\"wp-block-button__link has-white-color has-text-color has-background\" href=\"https:\/\/www.hawita-group.com\/fr\/substrates\/substrates-for-berries\/\" style=\"border-radius:5px;background-color:#abc433\"><strong>BAIES<\/strong><\/a><\/div>\n<\/div>\n\n\n\n<figure class=\"wp-block-image size-large is-style-mvf\"><a href=\"https:\/\/www.hawita-group.com\/substrates\/substrates-for-berries\/\"><img src=\"https:\/\/www.hawita-group.com\/wp-content\/uploads\/2020\/09\/Berries.png\" alt=\"\"\/><\/a><\/figure>\n\n\n\n<hr class=\"wp-block-separator is-style-wide\"\/>\n\n\n\n<div class=\"wp-container-5 wp-block-buttons aligncenter\">\n<div class=\"wp-block-button is-style-fill\"><a class=\"wp-block-button__link has-white-color has-text-color has-background\" style=\"border-radius:5px;background-color:#abc433\"><strong>M\u00c9LANGES SP\u00c9CIAUX<\/strong><\/a><\/div>\n<\/div>\n\n\n\n<div class=\"wp-block-columns\">\n<div class=\"wp-block-column\" style=\"flex-basis:66.66%\">\n<p><\/p>\n\n\n\n<p>Nos sp\u00e9cialistes seront heureux de vous aider \u00e0 trouver le substrat qui convient parfaitement \u00e0 vos besoins. Gr\u00e2ce \u00e0 l&#8217;ajout individuel de divers agr\u00e9gats de haute qualit\u00e9 tels que l&#8217;argile, la perlite ou la fibre de bois, les possibilit\u00e9s de combinaison sont presque illimit\u00e9es. Des m\u00e9langes sp\u00e9ciaux sont possibles \u00e0 partir de dix palettes.<\/p>\n\n\n\n<div class=\"wp-block-image\"><figure class=\"aligncenter size-full is-resized\"><img loading=\"lazy\" src=\"https:\/\/www.hawita-group.com\/wp-content\/uploads\/2020\/09\/JTWYWI.png\" alt=\"\" class=\"wp-image-1065\" width=\"159\" height=\"110\"\/><\/figure><\/div>\n<\/div>\n\n\n\n<div class=\"wp-block-column is-vertically-aligned-bottom\"><\/div>\n\n\n\n<div class=\"wp-block-column is-vertically-aligned-center\" style=\"flex-basis:33.34%\">\n<div class=\"wp-block-image\"><figure class=\"aligncenter size-full is-resized\"><img loading=\"lazy\" src=\"https:\/\/www.hawita-group.com\/wp-content\/uploads\/2020\/09\/mixer.png\" alt=\"\" class=\"wp-image-1063\" width=\"186\" height=\"280\"\/><\/figure><\/div>\n<\/div>\n<\/div>\n\n\n\n<hr class=\"wp-block-separator is-style-wide\"\/>\n\n\n\n<p><strong>Brochures:<\/strong><\/p>\n\n\n\n<div class=\"wp-block-media-text alignwide is-vertically-aligned-center\" style=\"grid-template-columns:15% auto\"><figure class=\"wp-block-media-text__media\"><img src=\"https:\/\/www.hawita-group.com\/wp-content\/uploads\/2020\/09\/export-titel-klein.png\" alt=\"\" class=\"wp-image-859\"\/><\/figure><div class=\"wp-block-media-text__content\">\n<p class=\"has-text-align-left has-small-font-size\"><strong>Tourbe, substrats et plus | (Portugu\u00eas \/ Fran\u00e7ais) 2020<\/strong><\/p>\n\n\n\n<div class=\"wp-container-6 wp-block-buttons\">\n<div class=\"wp-block-button\"><a class=\"wp-block-button__link has-background\" href=\"https:\/\/www.hawita-group.com\/wp-content\/uploads\/2020\/09\/Hawita-Substrate-PT-FR.pdf\" style=\"border-radius:5px;background-color:#abc433\"><strong>T\u00e9l\u00e9charger<\/strong><\/a><\/div>\n<\/div>\n<\/div><\/div>\n\n\n\n<div class=\"wp-block-media-text alignwide is-vertically-aligned-center\" style=\"grid-template-columns:15% auto\"><figure class=\"wp-block-media-text__media\"><img src=\"https:\/\/www.hawita-group.com\/wp-content\/uploads\/2020\/09\/export-titel-klein.png\" alt=\"\" class=\"wp-image-859\"\/><\/figure><div class=\"wp-block-media-text__content\">\n<p class=\"has-text-align-left has-small-font-size\"><strong>Peat Moss, substrates and more | (English \/ Espa\u00f1ol) 2020<\/strong><\/p>\n\n\n\n<div class=\"wp-container-7 wp-block-buttons\">\n<div class=\"wp-block-button\"><a class=\"wp-block-button__link has-background\" href=\"https:\/\/www.hawita-group.com\/wp-content\/uploads\/2020\/09\/Hawita-Substrate-EN-ES-2020.pdf\" style=\"border-radius:5px;background-color:#abc433\"><strong>T\u00e9l\u00e9charger<\/strong><\/a><\/div>\n<\/div>\n<\/div><\/div>\n","protected":false},"excerpt":{"rendered":"<p>Nos sp\u00e9cialistes seront heureux de vous aider \u00e0 trouver le substrat qui convient parfaitement \u00e0 vos besoins. Gr\u00e2ce \u00e0 l&#8217;ajout individuel de divers agr\u00e9gats de haute qualit\u00e9 tels que l&#8217;argile, la perlite ou la fibre de bois, les possibilit\u00e9s de combinaison sont presque illimit\u00e9es. Des m\u00e9langes sp\u00e9ciaux sont possibles \u00e0 partir de dix palettes. Brochures:<\/p>\n","protected":false},"author":1,"featured_media":0,"parent":0,"menu_order":0,"comment_status":"closed","ping_status":"closed","template":"","meta":[],"yoast_head":"<!-- This site is optimized with the Yoast SEO plugin v18.2 - https:\/\/yoast.com\/wordpress\/plugins\/seo\/ -->\n<title>Substrats - Hawita Group GmbH - FR<\/title>\n<meta name=\"robots\" content=\"index, follow, max-snippet:-1, max-image-preview:large, max-video-preview:-1\" \/>\n<link rel=\"canonical\" href=\"https:\/\/www.hawita-group.com\/fr\/substrates\/\" \/>\n<meta property=\"og:locale\" content=\"de_DE\" \/>\n<meta property=\"og:type\" content=\"article\" \/>\n<meta property=\"og:title\" content=\"Substrats - Hawita Group GmbH - FR\" \/>\n<meta property=\"og:description\" content=\"Nos sp\u00e9cialistes seront heureux de vous aider \u00e0 trouver le substrat qui convient parfaitement \u00e0 vos besoins. Gr\u00e2ce \u00e0 l&#8217;ajout individuel de divers agr\u00e9gats de haute qualit\u00e9 tels que l&#8217;argile, la perlite ou la fibre de bois, les possibilit\u00e9s de combinaison sont presque illimit\u00e9es. Des m\u00e9langes sp\u00e9ciaux sont possibles \u00e0 partir de dix palettes. Brochures:\" \/>\n<meta property=\"og:url\" content=\"https:\/\/www.hawita-group.com\/fr\/substrates\/\" \/>\n<meta property=\"og:site_name\" content=\"Hawita Group GmbH - FR\" \/>\n<meta property=\"article:publisher\" content=\"https:\/\/www.facebook.com\/hawitagruppe\" \/>\n<meta property=\"article:modified_time\" content=\"2020-11-19T09:45:25+00:00\" \/>\n<meta property=\"og:image\" content=\"https:\/\/www.hawita-group.com\/wp-content\/uploads\/2020\/03\/Hawita-professional-Logo-mit-gr\u00fcnem-Kasten-300x200.png\" \/>\n<meta name=\"twitter:card\" content=\"summary_large_image\" \/>\n<script type=\"application\/ld+json\" class=\"yoast-schema-graph\">{\"@context\":\"https:\/\/schema.org\",\"@graph\":[{\"@type\":\"WebSite\",\"@id\":\"https:\/\/www.hawita-group.com\/fr\/#website\",\"url\":\"https:\/\/www.hawita-group.com\/fr\/\",\"name\":\"Hawita Group GmbH - FR\",\"description\":\"\",\"potentialAction\":[{\"@type\":\"SearchAction\",\"target\":{\"@type\":\"EntryPoint\",\"urlTemplate\":\"https:\/\/www.hawita-group.com\/fr\/?s={search_term_string}\"},\"query-input\":\"required name=search_term_string\"}],\"inLanguage\":\"de\"},{\"@type\":\"ImageObject\",\"@id\":\"https:\/\/www.hawita-group.com\/fr\/substrates\/#primaryimage\",\"inLanguage\":\"de\",\"url\":\"https:\/\/www.hawita-group.com\/wp-content\/uploads\/2020\/03\/Hawita-professional-Logo-mit-gr\u00fcnem-Kasten-300x200.png\",\"contentUrl\":\"https:\/\/www.hawita-group.com\/wp-content\/uploads\/2020\/03\/Hawita-professional-Logo-mit-gr\u00fcnem-Kasten-300x200.png\"},{\"@type\":\"WebPage\",\"@id\":\"https:\/\/www.hawita-group.com\/fr\/substrates\/#webpage\",\"url\":\"https:\/\/www.hawita-group.com\/fr\/substrates\/\",\"name\":\"Substrats - Hawita Group GmbH - FR\",\"isPartOf\":{\"@id\":\"https:\/\/www.hawita-group.com\/fr\/#website\"},\"primaryImageOfPage\":{\"@id\":\"https:\/\/www.hawita-group.com\/fr\/substrates\/#primaryimage\"},\"datePublished\":\"2020-03-16T08:32:24+00:00\",\"dateModified\":\"2020-11-19T09:45:25+00:00\",\"breadcrumb\":{\"@id\":\"https:\/\/www.hawita-group.com\/fr\/substrates\/#breadcrumb\"},\"inLanguage\":\"de\",\"potentialAction\":[{\"@type\":\"ReadAction\",\"target\":[\"https:\/\/www.hawita-group.com\/fr\/substrates\/\"]}]},{\"@type\":\"BreadcrumbList\",\"@id\":\"https:\/\/www.hawita-group.com\/fr\/substrates\/#breadcrumb\",\"itemListElement\":[{\"@type\":\"ListItem\",\"position\":1,\"name\":\"Startseite\",\"item\":\"https:\/\/www.hawita-group.com\/fr\/\"},{\"@type\":\"ListItem\",\"position\":2,\"name\":\"Substrats\"}]}]}<\/script>\n<!-- \/ Yoast SEO plugin. -->","yoast_head_json":{"title":"Substrats - Hawita Group GmbH - FR","robots":{"index":"index","follow":"follow","max-snippet":"max-snippet:-1","max-image-preview":"max-image-preview:large","max-video-preview":"max-video-preview:-1"},"canonical":"https:\/\/www.hawita-group.com\/fr\/substrates\/","og_locale":"de_DE","og_type":"article","og_title":"Substrats - Hawita Group GmbH - FR","og_description":"Nos sp\u00e9cialistes seront heureux de vous aider \u00e0 trouver le substrat qui convient parfaitement \u00e0 vos besoins. Gr\u00e2ce \u00e0 l&#8217;ajout individuel de divers agr\u00e9gats de haute qualit\u00e9 tels que l&#8217;argile, la perlite ou la fibre de bois, les possibilit\u00e9s de combinaison sont presque illimit\u00e9es. Des m\u00e9langes sp\u00e9ciaux sont possibles \u00e0 partir de dix palettes. Brochures:","og_url":"https:\/\/www.hawita-group.com\/fr\/substrates\/","og_site_name":"Hawita Group GmbH - FR","article_publisher":"https:\/\/www.facebook.com\/hawitagruppe","article_modified_time":"2020-11-19T09:45:25+00:00","og_image":[{"url":"https:\/\/www.hawita-group.com\/wp-content\/uploads\/2020\/03\/Hawita-professional-Logo-mit-gr\u00fcnem-Kasten-300x200.png"}],"twitter_card":"summary_large_image","schema":{"@context":"https:\/\/schema.org","@graph":[{"@type":"WebSite","@id":"https:\/\/www.hawita-group.com\/fr\/#website","url":"https:\/\/www.hawita-group.com\/fr\/","name":"Hawita Group GmbH - FR","description":"","potentialAction":[{"@type":"SearchAction","target":{"@type":"EntryPoint","urlTemplate":"https:\/\/www.hawita-group.com\/fr\/?s={search_term_string}"},"query-input":"required name=search_term_string"}],"inLanguage":"de"},{"@type":"ImageObject","@id":"https:\/\/www.hawita-group.com\/fr\/substrates\/#primaryimage","inLanguage":"de","url":"https:\/\/www.hawita-group.com\/wp-content\/uploads\/2020\/03\/Hawita-professional-Logo-mit-gr\u00fcnem-Kasten-300x200.png","contentUrl":"https:\/\/www.hawita-group.com\/wp-content\/uploads\/2020\/03\/Hawita-professional-Logo-mit-gr\u00fcnem-Kasten-300x200.png"},{"@type":"WebPage","@id":"https:\/\/www.hawita-group.com\/fr\/substrates\/#webpage","url":"https:\/\/www.hawita-group.com\/fr\/substrates\/","name":"Substrats - Hawita Group GmbH - FR","isPartOf":{"@id":"https:\/\/www.hawita-group.com\/fr\/#website"},"primaryImageOfPage":{"@id":"https:\/\/www.hawita-group.com\/fr\/substrates\/#primaryimage"},"datePublished":"2020-03-16T08:32:24+00:00","dateModified":"2020-11-19T09:45:25+00:00","breadcrumb":{"@id":"https:\/\/www.hawita-group.com\/fr\/substrates\/#breadcrumb"},"inLanguage":"de","potentialAction":[{"@type":"ReadAction","target":["https:\/\/www.hawita-group.com\/fr\/substrates\/"]}]},{"@type":"BreadcrumbList","@id":"https:\/\/www.hawita-group.com\/fr\/substrates\/#breadcrumb","itemListElement":[{"@type":"ListItem","position":1,"name":"Startseite","item":"https:\/\/www.hawita-group.com\/fr\/"},{"@type":"ListItem","position":2,"name":"Substrats"}]}]}},"_links":{"self":[{"href":"https:\/\/www.hawita-group.com\/fr\/wp-json\/wp\/v2\/pages\/307"}],"collection":[{"href":"https:\/\/www.hawita-group.com\/fr\/wp-json\/wp\/v2\/pages"}],"about":[{"href":"https:\/\/www.hawita-group.com\/fr\/wp-json\/wp\/v2\/types\/page"}],"author":[{"embeddable":true,"href":"https:\/\/www.hawita-group.com\/fr\/wp-json\/wp\/v2\/users\/1"}],"replies":[{"embeddable":true,"href":"https:\/\/www.hawita-group.com\/fr\/wp-json\/wp\/v2\/comments?post=307"}],"version-history":[{"count":4,"href":"https:\/\/www.hawita-group.com\/fr\/wp-json\/wp\/v2\/pages\/307\/revisions"}],"predecessor-version":[{"id":1759,"href":"https:\/\/www.hawita-group.com\/fr\/wp-json\/wp\/v2\/pages\/307\/revisions\/1759"}],"wp:attachment":[{"href":"https:\/\/www.hawita-group.com\/fr\/wp-json\/wp\/v2\/media?parent=307"}],"curies":[{"name":"wp","href":"https:\/\/api.w.org\/{rel}","templated":true}]}}