{"id":113,"date":"2020-03-11T08:31:23","date_gmt":"2020-03-11T07:31:23","guid":{"rendered":"http:\/\/k10086-1.server5.febas.net\/?page_id=113"},"modified":"2020-11-18T13:05:24","modified_gmt":"2020-11-18T12:05:24","slug":"planter-pots","status":"publish","type":"page","link":"https:\/\/www.hawita-group.com\/fr\/planter-pots\/","title":{"rendered":"Pots"},"content":{"rendered":"\n<div class=\"wp-block-image\"><figure class=\"aligncenter size-large is-resized\"><img loading=\"lazy\" src=\"https:\/\/www.hawita-group.com\/wp-content\/uploads\/2020\/03\/Hawita-technoplant-Logo-mit-gr\u00fcnem-Kasten-300x200.png\" alt=\"\" width=\"225\" height=\"150\"\/><\/figure><\/div>\n\n\n<p style=\"text-align: left;\"><strong><img loading=\"lazy\" class=\"wp-image-786 alignright\" src=\"https:\/\/www.hawita-group.com\/wp-content\/uploads\/2020\/09\/Pflanztopf-pink-magenta-lila-gelbgrun-blaulila-teilweise-bepflanzt-1024x1021.png\" alt=\"\" width=\"258\" height=\"257\" \/><\/strong><\/p>\n<p style=\"text-align: left;\"><strong>Notre filiale HAWITA-technoplant, fond\u00e9e en 1990, est aujourd&#8217;hui l&#8217;un des principaux fabricants de pots \u00e0 plantes en plastique.<\/strong> Sur notre site d&#8217;Emstek (Allemagne), nous d\u00e9veloppons et produisons des pots \u00e0 plantes de haute qualit\u00e9 pour les horticulteurs professionnels et amateurs ainsi que pour le secteur du bricolage et du libre-service &#8211; du concept initial au d\u00e9veloppement des outils, jusqu&#8217;\u00e0 l&#8217;utilisation de machines de moulage par injection ultramodernes. Les produits de HAWITA-technoplant s\u00e9duisent par leurs avantages fonctionnels r\u00e9els. Par exemple, ils offrent des avantages gr\u00e2ce \u00e0 l&#8217;utilisation de dispositifs de remplissage et de stockage d&#8217;eau \u00e9labor\u00e9s. Pour que cela reste ainsi, notre \u00e9quipe du d\u00e9veloppement et des ventes fournit constamment de nouveaux d\u00e9veloppements et r\u00e9pond rapidement aux exigences des clients. Outre notre gamme standard, nous fabriquons \u00e9galement des produits sur mesure<br \/>sur mesure en fonction des sp\u00e9cifications de chaque client.<\/p>\n\n\n<hr class=\"wp-block-separator is-style-wide\"\/>\n\n\n\n<p><strong>Brochures:<\/strong><\/p>\n\n\n\n<div class=\"wp-block-media-text alignwide is-vertically-aligned-center\" style=\"grid-template-columns:15% auto\"><figure class=\"wp-block-media-text__media\"><img src=\"https:\/\/www.hawita-group.com\/wp-content\/uploads\/2020\/11\/TP-21.png\" alt=\"\" class=\"wp-image-1665\"\/><\/figure><div class=\"wp-block-media-text__content\">\n<p class=\"has-text-align-left has-small-font-size\"><strong>technoplant | (Anglais) 2021<\/strong><\/p>\n\n\n\n<p class=\"has-luminous-vivid-orange-color has-text-color\"><strong>NOUVEAUX PRODUITS !<\/strong><\/p>\n\n\n\n<div class=\"wp-container-1 wp-block-buttons\">\n<div class=\"wp-block-button\"><a class=\"wp-block-button__link has-background\" href=\"https:\/\/www.hawita-group.com\/wp-content\/uploads\/2020\/11\/TP-Gesamtkatalog-2021.pdf\" style=\"border-radius:5px;background-color:#abc433\"><strong>T\u00e9l\u00e9charger<\/strong><\/a><\/div>\n<\/div>\n<\/div><\/div>\n\n\n\n<div class=\"wp-block-media-text alignwide is-vertically-aligned-center\" style=\"grid-template-columns:15% auto\"><figure class=\"wp-block-media-text__media\"><img src=\"https:\/\/www.hawita-group.com\/wp-content\/uploads\/2020\/09\/titel_pcr.png\" alt=\"\" class=\"wp-image-829\"\/><\/figure><div class=\"wp-block-media-text__content\">\n<p class=\"has-small-font-size\"><strong>PCR | (Anglais) 2020<\/strong><\/p>\n\n\n\n<div class=\"wp-container-2 wp-block-buttons\">\n<div class=\"wp-block-button\"><a class=\"wp-block-button__link has-background\" href=\"https:\/\/www.hawita-group.com\/wp-content\/uploads\/2020\/09\/flyer_recycling_pcr_en.pdf\" style=\"border-radius:5px;background-color:#abc433\"><strong>T\u00e9l\u00e9charger<\/strong><\/a><\/div>\n<\/div>\n<\/div><\/div>\n","protected":false},"excerpt":{"rendered":"<p>Notre filiale HAWITA-technoplant, fond\u00e9e en 1990, est aujourd&#8217;hui l&#8217;un des principaux fabricants de pots \u00e0 plantes en plastique. Sur notre site d&#8217;Emstek (Allemagne), nous d\u00e9veloppons et produisons des pots \u00e0 plantes de haute qualit\u00e9 pour les horticulteurs professionnels et amateurs ainsi que pour le secteur du bricolage et du libre-service &#8211; du concept initial au &hellip; <\/p>\n<p class=\"link-more\"><a href=\"https:\/\/www.hawita-group.com\/fr\/planter-pots\/\" class=\"more-link\"><span class=\"screen-reader-text\">\u201ePots\u201c<\/span> weiterlesen<\/a><\/p>\n","protected":false},"author":1,"featured_media":0,"parent":0,"menu_order":0,"comment_status":"closed","ping_status":"closed","template":"","meta":[],"yoast_head":"<!-- This site is optimized with the Yoast SEO plugin v18.2 - https:\/\/yoast.com\/wordpress\/plugins\/seo\/ -->\n<title>Pots - Hawita Group GmbH - FR<\/title>\n<meta name=\"robots\" content=\"index, follow, max-snippet:-1, max-image-preview:large, max-video-preview:-1\" \/>\n<link rel=\"canonical\" href=\"https:\/\/www.hawita-group.com\/fr\/planter-pots\/\" \/>\n<meta property=\"og:locale\" content=\"de_DE\" \/>\n<meta property=\"og:type\" content=\"article\" \/>\n<meta property=\"og:title\" content=\"Pots - Hawita Group GmbH - FR\" \/>\n<meta property=\"og:description\" content=\"Notre filiale HAWITA-technoplant, fond\u00e9e en 1990, est aujourd&#8217;hui l&#8217;un des principaux fabricants de pots \u00e0 plantes en plastique. Sur notre site d&#8217;Emstek (Allemagne), nous d\u00e9veloppons et produisons des pots \u00e0 plantes de haute qualit\u00e9 pour les horticulteurs professionnels et amateurs ainsi que pour le secteur du bricolage et du libre-service &#8211; du concept initial au &hellip; \u201ePots\u201c weiterlesen\" \/>\n<meta property=\"og:url\" content=\"https:\/\/www.hawita-group.com\/fr\/planter-pots\/\" \/>\n<meta property=\"og:site_name\" content=\"Hawita Group GmbH - FR\" \/>\n<meta property=\"article:publisher\" content=\"https:\/\/www.facebook.com\/hawitagruppe\" \/>\n<meta property=\"article:modified_time\" content=\"2020-11-18T12:05:24+00:00\" \/>\n<meta property=\"og:image\" content=\"https:\/\/www.hawita-group.com\/wp-content\/uploads\/2020\/03\/Hawita-technoplant-Logo-mit-gr\u00fcnem-Kasten-300x200.png\" \/>\n<meta name=\"twitter:card\" content=\"summary_large_image\" \/>\n<meta name=\"twitter:label1\" content=\"Gesch\u00e4tzte Lesezeit\" \/>\n\t<meta name=\"twitter:data1\" content=\"1\u00a0Minute\" \/>\n<script type=\"application\/ld+json\" class=\"yoast-schema-graph\">{\"@context\":\"https:\/\/schema.org\",\"@graph\":[{\"@type\":\"WebSite\",\"@id\":\"https:\/\/www.hawita-group.com\/fr\/#website\",\"url\":\"https:\/\/www.hawita-group.com\/fr\/\",\"name\":\"Hawita Group GmbH - FR\",\"description\":\"\",\"potentialAction\":[{\"@type\":\"SearchAction\",\"target\":{\"@type\":\"EntryPoint\",\"urlTemplate\":\"https:\/\/www.hawita-group.com\/fr\/?s={search_term_string}\"},\"query-input\":\"required name=search_term_string\"}],\"inLanguage\":\"de\"},{\"@type\":\"ImageObject\",\"@id\":\"https:\/\/www.hawita-group.com\/fr\/planter-pots\/#primaryimage\",\"inLanguage\":\"de\",\"url\":\"https:\/\/www.hawita-group.com\/wp-content\/uploads\/2020\/03\/Hawita-technoplant-Logo-mit-gr\u00fcnem-Kasten-300x200.png\",\"contentUrl\":\"https:\/\/www.hawita-group.com\/wp-content\/uploads\/2020\/03\/Hawita-technoplant-Logo-mit-gr\u00fcnem-Kasten-300x200.png\"},{\"@type\":\"WebPage\",\"@id\":\"https:\/\/www.hawita-group.com\/fr\/planter-pots\/#webpage\",\"url\":\"https:\/\/www.hawita-group.com\/fr\/planter-pots\/\",\"name\":\"Pots - Hawita Group GmbH - FR\",\"isPartOf\":{\"@id\":\"https:\/\/www.hawita-group.com\/fr\/#website\"},\"primaryImageOfPage\":{\"@id\":\"https:\/\/www.hawita-group.com\/fr\/planter-pots\/#primaryimage\"},\"datePublished\":\"2020-03-11T07:31:23+00:00\",\"dateModified\":\"2020-11-18T12:05:24+00:00\",\"breadcrumb\":{\"@id\":\"https:\/\/www.hawita-group.com\/fr\/planter-pots\/#breadcrumb\"},\"inLanguage\":\"de\",\"potentialAction\":[{\"@type\":\"ReadAction\",\"target\":[\"https:\/\/www.hawita-group.com\/fr\/planter-pots\/\"]}]},{\"@type\":\"BreadcrumbList\",\"@id\":\"https:\/\/www.hawita-group.com\/fr\/planter-pots\/#breadcrumb\",\"itemListElement\":[{\"@type\":\"ListItem\",\"position\":1,\"name\":\"Startseite\",\"item\":\"https:\/\/www.hawita-group.com\/fr\/\"},{\"@type\":\"ListItem\",\"position\":2,\"name\":\"Pots\"}]}]}<\/script>\n<!-- \/ Yoast SEO plugin. -->","yoast_head_json":{"title":"Pots - Hawita Group GmbH - FR","robots":{"index":"index","follow":"follow","max-snippet":"max-snippet:-1","max-image-preview":"max-image-preview:large","max-video-preview":"max-video-preview:-1"},"canonical":"https:\/\/www.hawita-group.com\/fr\/planter-pots\/","og_locale":"de_DE","og_type":"article","og_title":"Pots - Hawita Group GmbH - FR","og_description":"Notre filiale HAWITA-technoplant, fond\u00e9e en 1990, est aujourd&#8217;hui l&#8217;un des principaux fabricants de pots \u00e0 plantes en plastique. Sur notre site d&#8217;Emstek (Allemagne), nous d\u00e9veloppons et produisons des pots \u00e0 plantes de haute qualit\u00e9 pour les horticulteurs professionnels et amateurs ainsi que pour le secteur du bricolage et du libre-service &#8211; du concept initial au &hellip; \u201ePots\u201c weiterlesen","og_url":"https:\/\/www.hawita-group.com\/fr\/planter-pots\/","og_site_name":"Hawita Group GmbH - FR","article_publisher":"https:\/\/www.facebook.com\/hawitagruppe","article_modified_time":"2020-11-18T12:05:24+00:00","og_image":[{"url":"https:\/\/www.hawita-group.com\/wp-content\/uploads\/2020\/03\/Hawita-technoplant-Logo-mit-gr\u00fcnem-Kasten-300x200.png"}],"twitter_card":"summary_large_image","twitter_misc":{"Gesch\u00e4tzte Lesezeit":"1\u00a0Minute"},"schema":{"@context":"https:\/\/schema.org","@graph":[{"@type":"WebSite","@id":"https:\/\/www.hawita-group.com\/fr\/#website","url":"https:\/\/www.hawita-group.com\/fr\/","name":"Hawita Group GmbH - FR","description":"","potentialAction":[{"@type":"SearchAction","target":{"@type":"EntryPoint","urlTemplate":"https:\/\/www.hawita-group.com\/fr\/?s={search_term_string}"},"query-input":"required name=search_term_string"}],"inLanguage":"de"},{"@type":"ImageObject","@id":"https:\/\/www.hawita-group.com\/fr\/planter-pots\/#primaryimage","inLanguage":"de","url":"https:\/\/www.hawita-group.com\/wp-content\/uploads\/2020\/03\/Hawita-technoplant-Logo-mit-gr\u00fcnem-Kasten-300x200.png","contentUrl":"https:\/\/www.hawita-group.com\/wp-content\/uploads\/2020\/03\/Hawita-technoplant-Logo-mit-gr\u00fcnem-Kasten-300x200.png"},{"@type":"WebPage","@id":"https:\/\/www.hawita-group.com\/fr\/planter-pots\/#webpage","url":"https:\/\/www.hawita-group.com\/fr\/planter-pots\/","name":"Pots - Hawita Group GmbH - FR","isPartOf":{"@id":"https:\/\/www.hawita-group.com\/fr\/#website"},"primaryImageOfPage":{"@id":"https:\/\/www.hawita-group.com\/fr\/planter-pots\/#primaryimage"},"datePublished":"2020-03-11T07:31:23+00:00","dateModified":"2020-11-18T12:05:24+00:00","breadcrumb":{"@id":"https:\/\/www.hawita-group.com\/fr\/planter-pots\/#breadcrumb"},"inLanguage":"de","potentialAction":[{"@type":"ReadAction","target":["https:\/\/www.hawita-group.com\/fr\/planter-pots\/"]}]},{"@type":"BreadcrumbList","@id":"https:\/\/www.hawita-group.com\/fr\/planter-pots\/#breadcrumb","itemListElement":[{"@type":"ListItem","position":1,"name":"Startseite","item":"https:\/\/www.hawita-group.com\/fr\/"},{"@type":"ListItem","position":2,"name":"Pots"}]}]}},"_links":{"self":[{"href":"https:\/\/www.hawita-group.com\/fr\/wp-json\/wp\/v2\/pages\/113"}],"collection":[{"href":"https:\/\/www.hawita-group.com\/fr\/wp-json\/wp\/v2\/pages"}],"about":[{"href":"https:\/\/www.hawita-group.com\/fr\/wp-json\/wp\/v2\/types\/page"}],"author":[{"embeddable":true,"href":"https:\/\/www.hawita-group.com\/fr\/wp-json\/wp\/v2\/users\/1"}],"replies":[{"embeddable":true,"href":"https:\/\/www.hawita-group.com\/fr\/wp-json\/wp\/v2\/comments?post=113"}],"version-history":[{"count":2,"href":"https:\/\/www.hawita-group.com\/fr\/wp-json\/wp\/v2\/pages\/113\/revisions"}],"predecessor-version":[{"id":1744,"href":"https:\/\/www.hawita-group.com\/fr\/wp-json\/wp\/v2\/pages\/113\/revisions\/1744"}],"wp:attachment":[{"href":"https:\/\/www.hawita-group.com\/fr\/wp-json\/wp\/v2\/media?parent=113"}],"curies":[{"name":"wp","href":"https:\/\/api.w.org\/{rel}","templated":true}]}}