{"id":867,"date":"2020-09-08T09:31:44","date_gmt":"2020-09-08T07:31:44","guid":{"rendered":"http:\/\/k10086-1.server5.febas.net\/?page_id=867"},"modified":"2020-09-29T22:08:01","modified_gmt":"2020-09-29T20:08:01","slug":"hobby","status":"publish","type":"page","link":"https:\/\/www.hawita-group.com\/es\/substrates\/hobby\/","title":{"rendered":"Hobby"},"content":{"rendered":"\n<div class=\"wp-block-image\"><figure class=\"aligncenter size-medium is-resized\"><img loading=\"lazy\" src=\"https:\/\/www.hawita-group.com\/wp-content\/uploads\/2020\/03\/Hawita-Fruhstorfer-Erde-Logo-mit-gr\u00fcnem-Kasten-300x200.png\" alt=\"\" class=\"wp-image-86\" width=\"225\" height=\"150\"\/><\/figure><\/div>\n\n\n\n<div class=\"wp-block-media-text alignwide has-media-on-the-right is-vertically-aligned-center\" style=\"grid-template-columns:auto 39%\"><figure class=\"wp-block-media-text__media\"><img src=\"https:\/\/www.hawita-group.com\/wp-content\/uploads\/2020\/09\/FRE-Group.png\" alt=\"\" class=\"wp-image-868\"\/><\/figure><div class=\"wp-block-media-text__content\">\n<p class=\"has-text-color has-large-font-size\" style=\"color:#798e9a\">Fruhstorfer Erde<\/p>\n\n\n\n<p>La completa gama de alta calidad de la marca Fruhstorfer, se caracteriza por la mezcla exacta de turba, aditivos, fertilizantes y arcilla volc\u00e1nica de alta calidad.<\/p>\n<\/div><\/div>\n\n\n\n<figure class=\"wp-block-table is-style-regular\"><table class=\"has-fixed-layout\"><tbody><tr><td class=\"has-text-align-left\" data-align=\"left\"><strong><span class=\"has-inline-color has-luminous-vivid-orange-color\">\u00a1NUEVO!<\/span><\/strong><br><strong>Substrato para plantar<\/strong><br><br><\/td><td class=\"has-text-align-right\" data-align=\"right\"><img class=\"wp-image-971\" style=\"width: 75px\" src=\"https:\/\/www.hawita-group.com\/wp-content\/uploads\/2020\/09\/neuhawita-fruhstorfer-garten-und-pflanzerde-70l-scaled.jpg\" alt=\"\"><\/td><td class=\"has-text-align-right\" data-align=\"right\">70 l<br>45 l<br><br><br><\/td><\/tr><tr><td class=\"has-text-align-left\" data-align=\"left\"><strong>Substrato para rododendros<\/strong><br><br><br><br><br><\/td><td class=\"has-text-align-right\" data-align=\"right\"><img class=\"wp-image-880\" style=\"width: 75px\" src=\"https:\/\/www.hawita-group.com\/wp-content\/uploads\/2020\/09\/Hawita-Fruhstorfer-Rhodoerde-70L-Small.jpg\" alt=\"\"><\/td><td class=\"has-text-align-right\" data-align=\"right\">70 l<br>45 l<br>15 l<br><br><br><\/td><\/tr><tr><td class=\"has-text-align-left\" data-align=\"left\"><strong>Substrato para rosales<\/strong><br><br><br><\/td><td class=\"has-text-align-right\" data-align=\"right\"><img class=\"wp-image-881\" style=\"width: 75px\" src=\"https:\/\/www.hawita-group.com\/wp-content\/uploads\/2020\/09\/Hawita-Fruhstorfer-Rosenerde-15L-Griff-Small.jpg\" alt=\"\"><\/td><td class=\"has-text-align-right\" data-align=\"right\">45 l<br>15 l<br><br><br><\/td><\/tr><tr><td class=\"has-text-align-left\" data-align=\"left\"><strong>Substrato para plantas acu\u00e1ticas<\/strong><br><br><br><\/td><td class=\"has-text-align-right\" data-align=\"right\"><img class=\"wp-image-883\" style=\"width: 75px\" src=\"https:\/\/www.hawita-group.com\/wp-content\/uploads\/2020\/09\/Hawita-Fruhstorfer-Wasserpflanzenerde-15L-Griff-Small.jpg\" alt=\"\"><\/td><td class=\"has-text-align-right\" data-align=\"right\">15 l<br><br><br><br><\/td><\/tr><tr><td class=\"has-text-align-left\" data-align=\"left\"><strong>Substrato universal<\/strong><br><br><br><br><br><\/td><td class=\"has-text-align-right\" data-align=\"right\"><img class=\"wp-image-872\" style=\"width: 75px\" src=\"https:\/\/www.hawita-group.com\/wp-content\/uploads\/2020\/09\/Hawita-Fruhstorfer-Blumenerde-70L-Small.jpg\" alt=\"\"><\/td><td class=\"has-text-align-right\" data-align=\"right\">70 l<br>45 l<br>15 l<br>5 l<br><br><\/td><\/tr><tr><td class=\"has-text-align-left\" data-align=\"left\"><strong>Substrato para geranios<\/strong><br><br><br><br><br><\/td><td class=\"has-text-align-right\" data-align=\"right\"><img class=\"wp-image-873\" style=\"width: 75px\" src=\"https:\/\/www.hawita-group.com\/wp-content\/uploads\/2020\/09\/Hawita-Fruhstorfer-Geranienerde-70L-Small.jpg\" alt=\"\"><\/td><td class=\"has-text-align-right\" data-align=\"right\">70 l<br>45 l<br><br><br><br><\/td><\/tr><tr><td class=\"has-text-align-left\" data-align=\"left\"><strong>Substrato para plantas de maceta<\/strong><br><br><br><\/td><td class=\"has-text-align-right\" data-align=\"right\"><img class=\"wp-image-877\" style=\"width: 75px\" src=\"https:\/\/www.hawita-group.com\/wp-content\/uploads\/2020\/09\/Hawita-Fruhstorfer-Kuebelpflanzenerde-45L-Small.jpg\" alt=\"\"><\/td><td class=\"has-text-align-right\" data-align=\"right\">45 l<br>15 l<br><br><br><\/td><\/tr><tr><td class=\"has-text-align-left\" data-align=\"left\"><strong>Substrato para surfinias<\/strong><br><br><br><br><br><\/td><td class=\"has-text-align-right\" data-align=\"right\"><img class=\"wp-image-882\" style=\"width: 75px\" src=\"https:\/\/www.hawita-group.com\/wp-content\/uploads\/2020\/09\/Hawita-Fruhstorfer-Surfiniaerde-45L-Small.jpg\" alt=\"\"><\/td><td class=\"has-text-align-right\" data-align=\"right\">45 l<br><br><br><br><br><\/td><\/tr><tr><td class=\"has-text-align-left\" data-align=\"left\"><strong>Substrato para cactus<\/strong><br><br><br><\/td><td class=\"has-text-align-right\" data-align=\"right\"><img class=\"wp-image-876\" style=\"width: 75px\" src=\"https:\/\/www.hawita-group.com\/wp-content\/uploads\/2020\/09\/Hawita-Fruhstorfer-Kakteen-und-Bonsaierde-5L-Small.jpg\" alt=\"\"><\/td><td class=\"has-text-align-right\" data-align=\"right\">5 l<br><br><br><\/td><\/tr><tr><td class=\"has-text-align-left\" data-align=\"left\"><strong>Substrato para orqu\u00eddeas<\/strong><br><br><br><\/td><td class=\"has-text-align-right\" data-align=\"right\"><img class=\"wp-image-878\" style=\"width: 75px\" src=\"https:\/\/www.hawita-group.com\/wp-content\/uploads\/2020\/09\/Hawita-Fruhstorfer-Orchideenerde-5L-Small.jpg\" alt=\"\"><\/td><td class=\"has-text-align-right\" data-align=\"right\">5 l<br><br><br><\/td><\/tr><tr><td class=\"has-text-align-left\" data-align=\"left\"><strong>Substrato BIO para la siembra y hierbas arom\u00e1ticas<\/strong><br><br><br><\/td><td class=\"has-text-align-right\" data-align=\"right\"><img class=\"wp-image-886\" style=\"width: 75px\" src=\"https:\/\/www.hawita-group.com\/wp-content\/uploads\/2020\/09\/Hawita-Fruhstorfer-Bio-Aussaat-und-Kraeutererde-15L-Griff-Small.jpg\" alt=\"\"><\/td><td class=\"has-text-align-right\" data-align=\"right\">15 l<br><br><br><br><br><\/td><\/tr><tr><td class=\"has-text-align-left\" data-align=\"left\"><strong>Substrato BIO universal<\/strong><br><br><br><br><br><\/td><td class=\"has-text-align-right\" data-align=\"right\"><img class=\"wp-image-887\" style=\"width: 75px\" src=\"https:\/\/www.hawita-group.com\/wp-content\/uploads\/2020\/09\/Hawita-Fruhstorfer-Bio-Blumen-und-Pflanzerde-45L-Small.jpg\" alt=\"\"><\/td><td class=\"has-text-align-right\" data-align=\"right\">45 l<br>15 l<br><br><br><br><\/td><\/tr><tr><td class=\"has-text-align-left\" data-align=\"left\"><strong>Substrato BIO para tomates y hortalizas<\/strong><br><br><br><br><\/td><td class=\"has-text-align-right\" data-align=\"right\"><img class=\"wp-image-871\" style=\"width: 75px\" src=\"https:\/\/www.hawita-group.com\/wp-content\/uploads\/2020\/09\/Hawita-Fruhstorfer-Bio-Tomaten-und-Gemueseerde-15L-Griff-Small.jpg\" alt=\"\"><\/td><td class=\"has-text-align-right\" data-align=\"right\">45 l<br>15 l<br><br><br><br><\/td><\/tr><tr><td class=\"has-text-align-left\" data-align=\"left\"><strong>Substrato BIO de compost<\/strong><br><br><br><br><br><\/td><td class=\"has-text-align-right\" data-align=\"right\"><img class=\"wp-image-888\" style=\"width: 75px\" src=\"https:\/\/www.hawita-group.com\/wp-content\/uploads\/2020\/09\/Hawita-Fruhstorfer-Bio-Kompost-und-Hochbeeterde-70L-Small.jpg\" alt=\"\"><\/td><td class=\"has-text-align-right\" data-align=\"right\">70 l<br>15 l<br><br><br><br><\/td><\/tr><tr><td class=\"has-text-align-left\" data-align=\"left\"><strong>Substrato para la siembra<\/strong><br><br><br><br><\/td><td class=\"has-text-align-right\" data-align=\"right\"><img class=\"wp-image-885\" style=\"width: 75px\" src=\"https:\/\/www.hawita-group.com\/wp-content\/uploads\/2020\/09\/Hawita-Fruhstorfer-Aussaaterde-15-l-Griff-Small.jpg\" alt=\"\"><\/td><td class=\"has-text-align-right\" data-align=\"right\">15 l<br><br><br><br><\/td><\/tr><tr><td class=\"has-text-align-left\" data-align=\"left\"><strong>Substrato para plantas verdes<\/strong><br><br><br><br><\/td><td class=\"has-text-align-right\" data-align=\"right\"><img class=\"wp-image-874\" style=\"width: 75px\" src=\"https:\/\/www.hawita-group.com\/wp-content\/uploads\/2020\/09\/Hawita-Fruhstorfer-Gruenpflanzenerde-15L-Small.jpg\" alt=\"\"><\/td><td class=\"has-text-align-right\" data-align=\"right\">15 l<br><br><br><br><br><\/td><\/tr><tr><td class=\"has-text-align-left\" data-align=\"left\"><strong>Substrato para hortensias<\/strong><br><br><br><br><\/td><td class=\"has-text-align-right\" data-align=\"right\"><img class=\"wp-image-875\" style=\"width: 75px\" src=\"https:\/\/www.hawita-group.com\/wp-content\/uploads\/2020\/09\/Hawita-Fruhstorfer-Hortensienerde-15L-Griff-Small.jpg\" alt=\"\"><\/td><td class=\"has-text-align-right\" data-align=\"right\">15 l<br><br><br><br><\/td><\/tr><tr><td class=\"has-text-align-left\" data-align=\"left\"><strong>Substrato para c\u00edtricos<\/strong><br><br><br><br><\/td><td class=\"has-text-align-right\" data-align=\"right\"><img class=\"wp-image-884\" style=\"width: 75px\" src=\"https:\/\/www.hawita-group.com\/wp-content\/uploads\/2020\/09\/Hawita-Fruhstorfer-Zitruspflanzenerde-15L-Griff-Small.jpg\" alt=\"\"><\/td><td class=\"has-text-align-right\" data-align=\"right\">15 l<br><br><br><br><\/td><\/tr><\/tbody><\/table><\/figure>\n\n\n\n<hr class=\"wp-block-separator is-style-wide\"\/>\n\n\n\n<div class=\"wp-block-image\"><figure class=\"aligncenter size-medium is-resized\"><img loading=\"lazy\" src=\"https:\/\/www.hawita-group.com\/wp-content\/uploads\/2020\/03\/Hawita-flor-Logo-mit-gr\u00fcnem-Kasten-300x200.png\" alt=\"\" class=\"wp-image-85\" width=\"225\" height=\"150\"\/><\/figure><\/div>\n\n\n\n<div class=\"wp-block-media-text alignwide has-media-on-the-right is-vertically-aligned-center\" style=\"grid-template-columns:auto 39%\"><figure class=\"wp-block-media-text__media\"><img src=\"https:\/\/www.hawita-group.com\/wp-content\/uploads\/2020\/09\/HAWFGroup.png\" alt=\"\" class=\"wp-image-911\"\/><\/figure><div class=\"wp-block-media-text__content\">\n<p class=\"has-text-color has-large-font-size\" style=\"color:#798e9a\">Hawita Flor<\/p>\n\n\n\n<p>Nuestros cinco substratos Hawita Flor ofrecen una amplia gama desde el substrato universal hasta el substrato para rododendros. Todos los jardineros aficionados encontrar\u00e1n lo que buscan.<\/p>\n<\/div><\/div>\n\n\n\n<figure class=\"wp-block-table\"><table class=\"has-fixed-layout\"><tbody><tr><td><strong>Hawita Substrato universal<\/strong><br><br><br><br><\/td><td class=\"has-text-align-right\" data-align=\"right\"><img class=\"wp-image-913\" style=\"width: 75px\" src=\"https:\/\/www.hawita-group.com\/wp-content\/uploads\/2020\/09\/HAWITA-Flor-Meine-Erde-Blumenerde-3D-Klein.jpg\" alt=\"\"><\/td><td class=\"has-text-align-right\" data-align=\"right\">10 l<br>20 l<br>45 l<br>70 l<br><\/td><\/tr><tr><td><strong>Hawita Substrato para geranios<\/strong><br><br><br><\/td><td class=\"has-text-align-right\" data-align=\"right\"><img class=\"wp-image-914\" style=\"width: 75px\" src=\"https:\/\/www.hawita-group.com\/wp-content\/uploads\/2020\/09\/HAWITA-Flor-Meine-Erde-Geranienerde-3D-Klein.jpg\" alt=\"\"><\/td><td class=\"has-text-align-right\" data-align=\"right\">70 l<br>45 l<br><br><br><\/td><\/tr><tr><td><strong>Hawita Substrato para plantas de maceta y c\u00edtricos<\/strong><br><br><br><br><\/td><td class=\"has-text-align-right\" data-align=\"right\"><img class=\"wp-image-915\" style=\"width: 75px\" src=\"https:\/\/www.hawita-group.com\/wp-content\/uploads\/2020\/09\/HAWITA-Flor-Meine-Erde-Kuebelpflanzenerde-3D-Klein.jpg\" alt=\"\"><\/td><td class=\"has-text-align-right\" data-align=\"right\">45 l<br><br><br><br><\/td><\/tr><tr><td><strong>Hawita Substrato para plantar<\/strong><br><br><br><br><\/td><td class=\"has-text-align-right\" data-align=\"right\"><img class=\"wp-image-916\" style=\"width: 75px\" src=\"https:\/\/www.hawita-group.com\/wp-content\/uploads\/2020\/09\/HAWITA-Flor-Meine-Erde-Pflanzerde-3D-Klein.jpg\" alt=\"\"><\/td><td class=\"has-text-align-right\" data-align=\"right\">70 l<br>45 l<br><br><br><\/td><\/tr><tr><td><strong>Hawita Substrato para rododendros<\/strong><br><br><br><\/td><td class=\"has-text-align-right\" data-align=\"right\"><img class=\"wp-image-917\" style=\"width: 75px\" src=\"https:\/\/www.hawita-group.com\/wp-content\/uploads\/2020\/09\/HAWITA-Flor-Meine-Erde-Rhododendronerde-3D-Klein.jpg\" alt=\"\"><\/td><td class=\"has-text-align-right\" data-align=\"right\">70 l<br>20 l<br><br><br><\/td><\/tr><\/tbody><\/table><\/figure>\n\n\n\n<hr class=\"wp-block-separator is-style-wide\"\/>\n\n\n\n<p class=\"has-text-color has-large-font-size\" style=\"color:#798e9a\">Premium<\/p>\n\n\n\n<p>Nuestro substrato Premium se caracteriza por materias primas y fertilizantes de alta calidad.<\/p>\n\n\n\n<figure class=\"wp-block-table\"><table class=\"has-fixed-layout\"><tbody><tr><td class=\"has-text-align-center\" data-align=\"center\"><strong>Substrato universal<br><\/strong><span style=\"color:#abc433\" class=\"has-inline-color\">5 l, 15 l, 45 l, 70 l<\/span><\/td><td class=\"has-text-align-center\" data-align=\"center\"><strong>Substrato para plantas de maceta y c\u00edtricos<br><\/strong><span style=\"color:#abc433\" class=\"has-inline-color\">45 l<\/span><\/td><\/tr><tr><td class=\"has-text-align-center\" data-align=\"center\"><img class=\"wp-image-956\" style=\"width: 150px\" src=\"https:\/\/www.hawita-group.com\/wp-content\/uploads\/2020\/09\/Premium-Blumenerde-45-l-2018.jpg\" alt=\"\"><\/td><td class=\"has-text-align-center\" data-align=\"center\"><img class=\"wp-image-957\" style=\"width: 150px\" src=\"https:\/\/www.hawita-group.com\/wp-content\/uploads\/2020\/09\/Premium-Kuebelpflanzenerde-45-l-2018.jpg\" alt=\"\"><\/td><\/tr><\/tbody><\/table><\/figure>\n\n\n\n<hr class=\"wp-block-separator is-style-wide\"\/>\n\n\n\n<p class=\"has-text-color has-large-font-size\" style=\"color:#798e9a\">Ahrens<\/p>\n\n\n\n<p>Nuestro substrato universal Ahrens es id\u00f3neo para todos los jardineros aficionados.<\/p>\n\n\n\n<div class=\"wp-block-media-text alignwide has-media-on-the-right is-vertically-aligned-top\" style=\"grid-template-columns:auto 30%\"><figure class=\"wp-block-media-text__media\"><img src=\"https:\/\/www.hawita-group.com\/wp-content\/uploads\/2020\/09\/Ahrens-Blumen-und-Pflanzerde-neu.jpg\" alt=\"\" class=\"wp-image-963\"\/><\/figure><div class=\"wp-block-media-text__content\">\n<p class=\"has-text-align-left\"><strong>Substrato universal<br><\/strong><span style=\"color:#abc433\" class=\"has-inline-color\">20 l, 40 l, 70 l<\/span><\/p>\n<\/div><\/div>\n\n\n\n<hr class=\"wp-block-separator is-style-wide\"\/>\n\n\n\n<p class=\"has-text-color has-large-font-size\" style=\"color:#798e9a\">EcoBalt<\/p>\n\n\n\n<p>Nuestro substrato universal de la l\u00ednea &#8222;Eco Balt&#8220; lo suministramos directamante desde Letonia.<\/p>\n\n\n\n<div class=\"wp-block-media-text alignwide has-media-on-the-right is-vertically-aligned-top\" style=\"grid-template-columns:auto 30%\"><figure class=\"wp-block-media-text__media\"><img src=\"https:\/\/www.hawita-group.com\/wp-content\/uploads\/2020\/09\/NordTorf-EcoBalt-Blumenerde-70L-724x1024.jpg\" alt=\"\" class=\"wp-image-968\"\/><\/figure><div class=\"wp-block-media-text__content\">\n<p class=\"has-text-align-left\"><img class=\"wp-image-403\" style=\"width: 75px\" src=\"https:\/\/www.hawita-group.com\/wp-content\/uploads\/2020\/03\/Flagge-Lettland.png\" alt=\"\"><br><strong>Substrato universal<br><\/strong><span style=\"color:#abc433\" class=\"has-inline-color\">20 l, 50 l, 70 l<\/span><\/p>\n<\/div><\/div>\n\n\n\n<hr class=\"wp-block-separator is-style-wide\"\/>\n","protected":false},"excerpt":{"rendered":"<p>Fruhstorfer Erde La completa gama de alta calidad de la marca Fruhstorfer, se caracteriza por la mezcla exacta de turba, aditivos, fertilizantes y arcilla volc\u00e1nica de alta calidad. \u00a1NUEVO!Substrato para plantar 70 l45 l Substrato para rododendros 70 l45 l15 l Substrato para rosales 45 l15 l Substrato para plantas acu\u00e1ticas 15 l Substrato universal &hellip; <\/p>\n<p class=\"link-more\"><a href=\"https:\/\/www.hawita-group.com\/es\/substrates\/hobby\/\" class=\"more-link\"><span class=\"screen-reader-text\">\u201eHobby\u201c<\/span> weiterlesen<\/a><\/p>\n","protected":false},"author":1,"featured_media":0,"parent":307,"menu_order":0,"comment_status":"closed","ping_status":"closed","template":"","meta":[],"yoast_head":"<!-- This site is optimized with the Yoast SEO plugin v18.2 - https:\/\/yoast.com\/wordpress\/plugins\/seo\/ -->\n<title>Hobby - Hawita Group GmbH - ES<\/title>\n<meta name=\"description\" content=\"El grupo HAWITA es una empresa de nivel internacional con actualmente m\u00e1s de 400 empleados, ocho f\u00e1bricas de producci\u00f3n y m\u00e1s de 4500 ha de turberas en Alemania y el B\u00e1ltico.\" \/>\n<meta name=\"robots\" content=\"index, follow, max-snippet:-1, max-image-preview:large, max-video-preview:-1\" \/>\n<link rel=\"canonical\" href=\"https:\/\/www.hawita-group.com\/es\/substrates\/hobby\/\" \/>\n<meta property=\"og:locale\" content=\"de_DE\" \/>\n<meta property=\"og:type\" content=\"article\" \/>\n<meta property=\"og:title\" content=\"Hobby - Hawita Group GmbH - ES\" \/>\n<meta property=\"og:description\" content=\"El grupo HAWITA es una empresa de nivel internacional con actualmente m\u00e1s de 400 empleados, ocho f\u00e1bricas de producci\u00f3n y m\u00e1s de 4500 ha de turberas en Alemania y el B\u00e1ltico.\" \/>\n<meta property=\"og:url\" content=\"https:\/\/www.hawita-group.com\/es\/substrates\/hobby\/\" \/>\n<meta property=\"og:site_name\" content=\"Hawita Group GmbH - ES\" \/>\n<meta property=\"article:publisher\" content=\"https:\/\/www.facebook.com\/hawitagruppe\" \/>\n<meta property=\"article:modified_time\" content=\"2020-09-29T20:08:01+00:00\" \/>\n<meta property=\"og:image\" content=\"https:\/\/www.hawita-group.com\/wp-content\/uploads\/2020\/03\/Hawita-Fruhstorfer-Erde-Logo-mit-gr\u00fcnem-Kasten-300x200.png\" \/>\n<meta name=\"twitter:card\" content=\"summary_large_image\" \/>\n<meta name=\"twitter:label1\" content=\"Gesch\u00e4tzte Lesezeit\" \/>\n\t<meta name=\"twitter:data1\" content=\"1\u00a0Minute\" \/>\n<script type=\"application\/ld+json\" class=\"yoast-schema-graph\">{\"@context\":\"https:\/\/schema.org\",\"@graph\":[{\"@type\":\"Organization\",\"@id\":\"https:\/\/www.hawita-group.com\/es\/#organization\",\"name\":\"Hawita Group GmbH\",\"url\":\"https:\/\/www.hawita-group.com\/es\/\",\"sameAs\":[\"https:\/\/www.facebook.com\/hawitagruppe\"],\"logo\":{\"@type\":\"ImageObject\",\"@id\":\"https:\/\/www.hawita-group.com\/es\/#logo\",\"inLanguage\":\"de\",\"url\":\"https:\/\/www.hawita-group.com\/es\/wp-content\/uploads\/sites\/2\/2020\/09\/Hawita-Logo-mit-gruenem-Kasten.png\",\"contentUrl\":\"https:\/\/www.hawita-group.com\/es\/wp-content\/uploads\/sites\/2\/2020\/09\/Hawita-Logo-mit-gruenem-Kasten.png\",\"width\":2126,\"height\":1417,\"caption\":\"Hawita Group GmbH\"},\"image\":{\"@id\":\"https:\/\/www.hawita-group.com\/es\/#logo\"}},{\"@type\":\"WebSite\",\"@id\":\"https:\/\/www.hawita-group.com\/es\/#website\",\"url\":\"https:\/\/www.hawita-group.com\/es\/\",\"name\":\"Hawita Group GmbH - ES\",\"description\":\"\",\"publisher\":{\"@id\":\"https:\/\/www.hawita-group.com\/es\/#organization\"},\"potentialAction\":[{\"@type\":\"SearchAction\",\"target\":{\"@type\":\"EntryPoint\",\"urlTemplate\":\"https:\/\/www.hawita-group.com\/es\/?s={search_term_string}\"},\"query-input\":\"required name=search_term_string\"}],\"inLanguage\":\"de\"},{\"@type\":\"ImageObject\",\"@id\":\"https:\/\/www.hawita-group.com\/es\/substrates\/hobby\/#primaryimage\",\"inLanguage\":\"de\",\"url\":\"https:\/\/www.hawita-group.com\/wp-content\/uploads\/2020\/03\/Hawita-Fruhstorfer-Erde-Logo-mit-gr\u00fcnem-Kasten-300x200.png\",\"contentUrl\":\"https:\/\/www.hawita-group.com\/wp-content\/uploads\/2020\/03\/Hawita-Fruhstorfer-Erde-Logo-mit-gr\u00fcnem-Kasten-300x200.png\"},{\"@type\":\"WebPage\",\"@id\":\"https:\/\/www.hawita-group.com\/es\/substrates\/hobby\/#webpage\",\"url\":\"https:\/\/www.hawita-group.com\/es\/substrates\/hobby\/\",\"name\":\"Hobby - Hawita Group GmbH - ES\",\"isPartOf\":{\"@id\":\"https:\/\/www.hawita-group.com\/es\/#website\"},\"primaryImageOfPage\":{\"@id\":\"https:\/\/www.hawita-group.com\/es\/substrates\/hobby\/#primaryimage\"},\"datePublished\":\"2020-09-08T07:31:44+00:00\",\"dateModified\":\"2020-09-29T20:08:01+00:00\",\"description\":\"El grupo HAWITA es una empresa de nivel internacional con actualmente m\u00e1s de 400 empleados, ocho f\u00e1bricas de producci\u00f3n y m\u00e1s de 4500 ha de turberas en Alemania y el B\u00e1ltico.\",\"breadcrumb\":{\"@id\":\"https:\/\/www.hawita-group.com\/es\/substrates\/hobby\/#breadcrumb\"},\"inLanguage\":\"de\",\"potentialAction\":[{\"@type\":\"ReadAction\",\"target\":[\"https:\/\/www.hawita-group.com\/es\/substrates\/hobby\/\"]}]},{\"@type\":\"BreadcrumbList\",\"@id\":\"https:\/\/www.hawita-group.com\/es\/substrates\/hobby\/#breadcrumb\",\"itemListElement\":[{\"@type\":\"ListItem\",\"position\":1,\"name\":\"Startseite\",\"item\":\"https:\/\/www.hawita-group.com\/es\/\"},{\"@type\":\"ListItem\",\"position\":2,\"name\":\"Substratos\",\"item\":\"https:\/\/www.hawita-group.com\/es\/substrates\/\"},{\"@type\":\"ListItem\",\"position\":3,\"name\":\"Hobby\"}]}]}<\/script>\n<!-- \/ Yoast SEO plugin. -->","yoast_head_json":{"title":"Hobby - Hawita Group GmbH - ES","description":"El grupo HAWITA es una empresa de nivel internacional con actualmente m\u00e1s de 400 empleados, ocho f\u00e1bricas de producci\u00f3n y m\u00e1s de 4500 ha de turberas en Alemania y el B\u00e1ltico.","robots":{"index":"index","follow":"follow","max-snippet":"max-snippet:-1","max-image-preview":"max-image-preview:large","max-video-preview":"max-video-preview:-1"},"canonical":"https:\/\/www.hawita-group.com\/es\/substrates\/hobby\/","og_locale":"de_DE","og_type":"article","og_title":"Hobby - Hawita Group GmbH - ES","og_description":"El grupo HAWITA es una empresa de nivel internacional con actualmente m\u00e1s de 400 empleados, ocho f\u00e1bricas de producci\u00f3n y m\u00e1s de 4500 ha de turberas en Alemania y el B\u00e1ltico.","og_url":"https:\/\/www.hawita-group.com\/es\/substrates\/hobby\/","og_site_name":"Hawita Group GmbH - ES","article_publisher":"https:\/\/www.facebook.com\/hawitagruppe","article_modified_time":"2020-09-29T20:08:01+00:00","og_image":[{"url":"https:\/\/www.hawita-group.com\/wp-content\/uploads\/2020\/03\/Hawita-Fruhstorfer-Erde-Logo-mit-gr\u00fcnem-Kasten-300x200.png"}],"twitter_card":"summary_large_image","twitter_misc":{"Gesch\u00e4tzte Lesezeit":"1\u00a0Minute"},"schema":{"@context":"https:\/\/schema.org","@graph":[{"@type":"Organization","@id":"https:\/\/www.hawita-group.com\/es\/#organization","name":"Hawita Group GmbH","url":"https:\/\/www.hawita-group.com\/es\/","sameAs":["https:\/\/www.facebook.com\/hawitagruppe"],"logo":{"@type":"ImageObject","@id":"https:\/\/www.hawita-group.com\/es\/#logo","inLanguage":"de","url":"https:\/\/www.hawita-group.com\/es\/wp-content\/uploads\/sites\/2\/2020\/09\/Hawita-Logo-mit-gruenem-Kasten.png","contentUrl":"https:\/\/www.hawita-group.com\/es\/wp-content\/uploads\/sites\/2\/2020\/09\/Hawita-Logo-mit-gruenem-Kasten.png","width":2126,"height":1417,"caption":"Hawita Group GmbH"},"image":{"@id":"https:\/\/www.hawita-group.com\/es\/#logo"}},{"@type":"WebSite","@id":"https:\/\/www.hawita-group.com\/es\/#website","url":"https:\/\/www.hawita-group.com\/es\/","name":"Hawita Group GmbH - ES","description":"","publisher":{"@id":"https:\/\/www.hawita-group.com\/es\/#organization"},"potentialAction":[{"@type":"SearchAction","target":{"@type":"EntryPoint","urlTemplate":"https:\/\/www.hawita-group.com\/es\/?s={search_term_string}"},"query-input":"required name=search_term_string"}],"inLanguage":"de"},{"@type":"ImageObject","@id":"https:\/\/www.hawita-group.com\/es\/substrates\/hobby\/#primaryimage","inLanguage":"de","url":"https:\/\/www.hawita-group.com\/wp-content\/uploads\/2020\/03\/Hawita-Fruhstorfer-Erde-Logo-mit-gr\u00fcnem-Kasten-300x200.png","contentUrl":"https:\/\/www.hawita-group.com\/wp-content\/uploads\/2020\/03\/Hawita-Fruhstorfer-Erde-Logo-mit-gr\u00fcnem-Kasten-300x200.png"},{"@type":"WebPage","@id":"https:\/\/www.hawita-group.com\/es\/substrates\/hobby\/#webpage","url":"https:\/\/www.hawita-group.com\/es\/substrates\/hobby\/","name":"Hobby - Hawita Group GmbH - ES","isPartOf":{"@id":"https:\/\/www.hawita-group.com\/es\/#website"},"primaryImageOfPage":{"@id":"https:\/\/www.hawita-group.com\/es\/substrates\/hobby\/#primaryimage"},"datePublished":"2020-09-08T07:31:44+00:00","dateModified":"2020-09-29T20:08:01+00:00","description":"El grupo HAWITA es una empresa de nivel internacional con actualmente m\u00e1s de 400 empleados, ocho f\u00e1bricas de producci\u00f3n y m\u00e1s de 4500 ha de turberas en Alemania y el B\u00e1ltico.","breadcrumb":{"@id":"https:\/\/www.hawita-group.com\/es\/substrates\/hobby\/#breadcrumb"},"inLanguage":"de","potentialAction":[{"@type":"ReadAction","target":["https:\/\/www.hawita-group.com\/es\/substrates\/hobby\/"]}]},{"@type":"BreadcrumbList","@id":"https:\/\/www.hawita-group.com\/es\/substrates\/hobby\/#breadcrumb","itemListElement":[{"@type":"ListItem","position":1,"name":"Startseite","item":"https:\/\/www.hawita-group.com\/es\/"},{"@type":"ListItem","position":2,"name":"Substratos","item":"https:\/\/www.hawita-group.com\/es\/substrates\/"},{"@type":"ListItem","position":3,"name":"Hobby"}]}]}},"_links":{"self":[{"href":"https:\/\/www.hawita-group.com\/es\/wp-json\/wp\/v2\/pages\/867"}],"collection":[{"href":"https:\/\/www.hawita-group.com\/es\/wp-json\/wp\/v2\/pages"}],"about":[{"href":"https:\/\/www.hawita-group.com\/es\/wp-json\/wp\/v2\/types\/page"}],"author":[{"embeddable":true,"href":"https:\/\/www.hawita-group.com\/es\/wp-json\/wp\/v2\/users\/1"}],"replies":[{"embeddable":true,"href":"https:\/\/www.hawita-group.com\/es\/wp-json\/wp\/v2\/comments?post=867"}],"version-history":[{"count":3,"href":"https:\/\/www.hawita-group.com\/es\/wp-json\/wp\/v2\/pages\/867\/revisions"}],"predecessor-version":[{"id":1041,"href":"https:\/\/www.hawita-group.com\/es\/wp-json\/wp\/v2\/pages\/867\/revisions\/1041"}],"up":[{"embeddable":true,"href":"https:\/\/www.hawita-group.com\/es\/wp-json\/wp\/v2\/pages\/307"}],"wp:attachment":[{"href":"https:\/\/www.hawita-group.com\/es\/wp-json\/wp\/v2\/media?parent=867"}],"curies":[{"name":"wp","href":"https:\/\/api.w.org\/{rel}","templated":true}]}}