{"id":360,"date":"2020-03-16T12:28:47","date_gmt":"2020-03-16T11:28:47","guid":{"rendered":"http:\/\/k10086-1.server5.febas.net\/?page_id=360"},"modified":"2020-09-26T00:10:29","modified_gmt":"2020-09-25T22:10:29","slug":"substrates-for-berries","status":"publish","type":"page","link":"https:\/\/www.hawita-group.com\/es\/substrates\/substrates-for-berries\/","title":{"rendered":"Substratos para berries"},"content":{"rendered":"\n<div class=\"wp-block-image\"><figure class=\"aligncenter size-medium is-resized\"><img loading=\"lazy\" src=\"https:\/\/www.hawita-group.com\/wp-content\/uploads\/2020\/03\/Hawita-professional-Logo-mit-gr\u00fcnem-Kasten-300x200.png\" alt=\"\" class=\"wp-image-88\" width=\"225\" height=\"150\"\/><\/figure><\/div>\n\n\n\n<div class=\"wp-block-media-text alignwide has-media-on-the-right is-vertically-aligned-center\" style=\"grid-template-columns:auto 24%\"><figure class=\"wp-block-media-text__media\"><img src=\"https:\/\/www.hawita-group.com\/wp-content\/uploads\/2020\/09\/HAWITA_SuperTerraST3_250L_3D_20160603_300dpi_01-791x1024.jpg\" alt=\"\" class=\"wp-image-739\"\/><\/figure><div class=\"wp-block-media-text__content\">\n<p class=\"has-text-color has-large-font-size\" style=\"color:#798e9a\">Baltic Berry Substrate<\/p>\n\n\n\n<p>Baltic Berry Substrate<\/p>\n\n\n\n<html>\n<head>\n<style>\ntable {\n  border-collapse: collapse;\n  width: 100%;\n}\n\nth {\n  padding: 6px;\n  font-size: 12px;\n  text-align: left;\n  color: black;\n  border-bottom: 1px solid #abc433;\n}\ntd {\n  padding: 6px;\n  font-size: 12px;\n  text-align: right;\n  color: black;\n  border-bottom: 1px solid #abc433;\n}\n<\/style>\n<\/head>\n<body>\n\n<table>\n  <tr>\n<td>\n<\/td>\n<td>\n<\/td>\n   <\/tr>\n<tr>\n    <th>Origen<\/th>\n     <td><img src=\"https:\/\/www.hawita-group.com\/wp-content\/uploads\/2020\/03\/Flagge-Lettland.png\" width=\"40\"><\/td>\n  <\/tr>\n  <tr>\n    <th>Turba negra \/ Turba rubia<\/th>\n    <td><img src=\"https:\/\/www.hawita-group.com\/wp-content\/uploads\/2020\/03\/1000.png\" width=\"80\"><\/td>\n  <\/tr>\n  <tr>\n    <th>Estructura<\/th>\n    <td>gruesa<\/td>\n  <\/tr>\n  <tr>\n    <th>pH (CaCl<sub>2<\/sub>)<\/th>\n    <td>4,0 &#8211; 4,5 <\/td>\n  <\/tr>\n  <tr>\n    <th>Composici\u00f3n<\/th>\n    <td>AquaFlow<\/td>\n  <\/tr>\n  <tr>\n    <th>Tama\u00f1os de envase<\/th>\n    <td>70 l, 150 l, 250 l, Megaboxx<\/td>\n  <\/tr>\n<\/table>\n\n<\/body>\n<\/html>\n<\/div><\/div>\n\n\n\n<hr class=\"wp-block-separator is-style-wide\"\/>\n\n\n\n<div class=\"wp-container-1 wp-block-buttons aligncenter\">\n<div class=\"wp-block-button\"><a class=\"wp-block-button__link has-background\" href=\"https:\/\/www.hawita-group.com\/es\/substrates\/\" style=\"border-radius:5px;background-color:#abc433\">RESUMEN<\/a><\/div>\n\n\n\n<div class=\"wp-block-button\"><a class=\"wp-block-button__link has-background\" href=\"https:\/\/www.hawita-group.com\/es\/substrates\/substrates-for-ornamental-plants\/\" style=\"border-radius:5px;background-color:#abc433\">ORNAMENTALES<\/a><\/div>\n\n\n\n<div class=\"wp-block-button\"><a class=\"wp-block-button__link has-background\" href=\"https:\/\/www.hawita-group.com\/es\/substrates\/substrates-for-vegetables\/\" style=\"border-radius:5px;background-color:#abc433\">HORTALIZAS<\/a><\/div>\n\n\n\n<div class=\"wp-block-button\"><a class=\"wp-block-button__link has-background\" href=\"https:\/\/www.hawita-group.com\/es\/substrates\/nursery-substrates\/\" style=\"border-radius:5px;background-color:#abc433\">FORESTALES<\/a><\/div>\n<\/div>\n","protected":false},"excerpt":{"rendered":"<p>Baltic Berry Substrate Baltic Berry Substrate Origen Turba negra \/ Turba rubia Estructura gruesa pH (CaCl2) 4,0 &#8211; 4,5 Composici\u00f3n AquaFlow Tama\u00f1os de envase 70 l, 150 l, 250 l, Megaboxx<\/p>\n","protected":false},"author":1,"featured_media":0,"parent":307,"menu_order":0,"comment_status":"closed","ping_status":"closed","template":"","meta":[],"yoast_head":"<!-- This site is optimized with the Yoast SEO plugin v18.2 - https:\/\/yoast.com\/wordpress\/plugins\/seo\/ -->\n<title>Substratos para berries - Hawita Group GmbH - ES<\/title>\n<meta name=\"description\" content=\"El grupo HAWITA es una empresa de nivel internacional con actualmente m\u00e1s de 400 empleados, ocho f\u00e1bricas de producci\u00f3n y m\u00e1s de 4500 ha de turberas en Alemania y el B\u00e1ltico.\" \/>\n<meta name=\"robots\" content=\"index, follow, max-snippet:-1, max-image-preview:large, max-video-preview:-1\" \/>\n<link rel=\"canonical\" href=\"https:\/\/www.hawita-group.com\/es\/substrates\/substrates-for-berries\/\" \/>\n<meta property=\"og:locale\" content=\"de_DE\" \/>\n<meta property=\"og:type\" content=\"article\" \/>\n<meta property=\"og:title\" content=\"Substratos para berries - Hawita Group GmbH - ES\" \/>\n<meta property=\"og:description\" content=\"El grupo HAWITA es una empresa de nivel internacional con actualmente m\u00e1s de 400 empleados, ocho f\u00e1bricas de producci\u00f3n y m\u00e1s de 4500 ha de turberas en Alemania y el B\u00e1ltico.\" \/>\n<meta property=\"og:url\" content=\"https:\/\/www.hawita-group.com\/es\/substrates\/substrates-for-berries\/\" \/>\n<meta property=\"og:site_name\" content=\"Hawita Group GmbH - ES\" \/>\n<meta property=\"article:publisher\" content=\"https:\/\/www.facebook.com\/hawitagruppe\" \/>\n<meta property=\"article:modified_time\" content=\"2020-09-25T22:10:29+00:00\" \/>\n<meta property=\"og:image\" content=\"https:\/\/www.hawita-group.com\/wp-content\/uploads\/2020\/03\/Hawita-professional-Logo-mit-gr\u00fcnem-Kasten-300x200.png\" \/>\n<meta name=\"twitter:card\" content=\"summary_large_image\" \/>\n<script type=\"application\/ld+json\" class=\"yoast-schema-graph\">{\"@context\":\"https:\/\/schema.org\",\"@graph\":[{\"@type\":\"Organization\",\"@id\":\"https:\/\/www.hawita-group.com\/es\/#organization\",\"name\":\"Hawita Group GmbH\",\"url\":\"https:\/\/www.hawita-group.com\/es\/\",\"sameAs\":[\"https:\/\/www.facebook.com\/hawitagruppe\"],\"logo\":{\"@type\":\"ImageObject\",\"@id\":\"https:\/\/www.hawita-group.com\/es\/#logo\",\"inLanguage\":\"de\",\"url\":\"https:\/\/www.hawita-group.com\/es\/wp-content\/uploads\/sites\/2\/2020\/09\/Hawita-Logo-mit-gruenem-Kasten.png\",\"contentUrl\":\"https:\/\/www.hawita-group.com\/es\/wp-content\/uploads\/sites\/2\/2020\/09\/Hawita-Logo-mit-gruenem-Kasten.png\",\"width\":2126,\"height\":1417,\"caption\":\"Hawita Group GmbH\"},\"image\":{\"@id\":\"https:\/\/www.hawita-group.com\/es\/#logo\"}},{\"@type\":\"WebSite\",\"@id\":\"https:\/\/www.hawita-group.com\/es\/#website\",\"url\":\"https:\/\/www.hawita-group.com\/es\/\",\"name\":\"Hawita Group GmbH - ES\",\"description\":\"\",\"publisher\":{\"@id\":\"https:\/\/www.hawita-group.com\/es\/#organization\"},\"potentialAction\":[{\"@type\":\"SearchAction\",\"target\":{\"@type\":\"EntryPoint\",\"urlTemplate\":\"https:\/\/www.hawita-group.com\/es\/?s={search_term_string}\"},\"query-input\":\"required name=search_term_string\"}],\"inLanguage\":\"de\"},{\"@type\":\"ImageObject\",\"@id\":\"https:\/\/www.hawita-group.com\/es\/substrates\/substrates-for-berries\/#primaryimage\",\"inLanguage\":\"de\",\"url\":\"https:\/\/www.hawita-group.com\/wp-content\/uploads\/2020\/03\/Hawita-professional-Logo-mit-gr\u00fcnem-Kasten-300x200.png\",\"contentUrl\":\"https:\/\/www.hawita-group.com\/wp-content\/uploads\/2020\/03\/Hawita-professional-Logo-mit-gr\u00fcnem-Kasten-300x200.png\"},{\"@type\":\"WebPage\",\"@id\":\"https:\/\/www.hawita-group.com\/es\/substrates\/substrates-for-berries\/#webpage\",\"url\":\"https:\/\/www.hawita-group.com\/es\/substrates\/substrates-for-berries\/\",\"name\":\"Substratos para berries - Hawita Group GmbH - ES\",\"isPartOf\":{\"@id\":\"https:\/\/www.hawita-group.com\/es\/#website\"},\"primaryImageOfPage\":{\"@id\":\"https:\/\/www.hawita-group.com\/es\/substrates\/substrates-for-berries\/#primaryimage\"},\"datePublished\":\"2020-03-16T11:28:47+00:00\",\"dateModified\":\"2020-09-25T22:10:29+00:00\",\"description\":\"El grupo HAWITA es una empresa de nivel internacional con actualmente m\u00e1s de 400 empleados, ocho f\u00e1bricas de producci\u00f3n y m\u00e1s de 4500 ha de turberas en Alemania y el B\u00e1ltico.\",\"breadcrumb\":{\"@id\":\"https:\/\/www.hawita-group.com\/es\/substrates\/substrates-for-berries\/#breadcrumb\"},\"inLanguage\":\"de\",\"potentialAction\":[{\"@type\":\"ReadAction\",\"target\":[\"https:\/\/www.hawita-group.com\/es\/substrates\/substrates-for-berries\/\"]}]},{\"@type\":\"BreadcrumbList\",\"@id\":\"https:\/\/www.hawita-group.com\/es\/substrates\/substrates-for-berries\/#breadcrumb\",\"itemListElement\":[{\"@type\":\"ListItem\",\"position\":1,\"name\":\"Startseite\",\"item\":\"https:\/\/www.hawita-group.com\/es\/\"},{\"@type\":\"ListItem\",\"position\":2,\"name\":\"Substratos\",\"item\":\"https:\/\/www.hawita-group.com\/es\/substrates\/\"},{\"@type\":\"ListItem\",\"position\":3,\"name\":\"Substratos para berries\"}]}]}<\/script>\n<!-- \/ Yoast SEO plugin. -->","yoast_head_json":{"title":"Substratos para berries - Hawita Group GmbH - ES","description":"El grupo HAWITA es una empresa de nivel internacional con actualmente m\u00e1s de 400 empleados, ocho f\u00e1bricas de producci\u00f3n y m\u00e1s de 4500 ha de turberas en Alemania y el B\u00e1ltico.","robots":{"index":"index","follow":"follow","max-snippet":"max-snippet:-1","max-image-preview":"max-image-preview:large","max-video-preview":"max-video-preview:-1"},"canonical":"https:\/\/www.hawita-group.com\/es\/substrates\/substrates-for-berries\/","og_locale":"de_DE","og_type":"article","og_title":"Substratos para berries - Hawita Group GmbH - ES","og_description":"El grupo HAWITA es una empresa de nivel internacional con actualmente m\u00e1s de 400 empleados, ocho f\u00e1bricas de producci\u00f3n y m\u00e1s de 4500 ha de turberas en Alemania y el B\u00e1ltico.","og_url":"https:\/\/www.hawita-group.com\/es\/substrates\/substrates-for-berries\/","og_site_name":"Hawita Group GmbH - ES","article_publisher":"https:\/\/www.facebook.com\/hawitagruppe","article_modified_time":"2020-09-25T22:10:29+00:00","og_image":[{"url":"https:\/\/www.hawita-group.com\/wp-content\/uploads\/2020\/03\/Hawita-professional-Logo-mit-gr\u00fcnem-Kasten-300x200.png"}],"twitter_card":"summary_large_image","schema":{"@context":"https:\/\/schema.org","@graph":[{"@type":"Organization","@id":"https:\/\/www.hawita-group.com\/es\/#organization","name":"Hawita Group GmbH","url":"https:\/\/www.hawita-group.com\/es\/","sameAs":["https:\/\/www.facebook.com\/hawitagruppe"],"logo":{"@type":"ImageObject","@id":"https:\/\/www.hawita-group.com\/es\/#logo","inLanguage":"de","url":"https:\/\/www.hawita-group.com\/es\/wp-content\/uploads\/sites\/2\/2020\/09\/Hawita-Logo-mit-gruenem-Kasten.png","contentUrl":"https:\/\/www.hawita-group.com\/es\/wp-content\/uploads\/sites\/2\/2020\/09\/Hawita-Logo-mit-gruenem-Kasten.png","width":2126,"height":1417,"caption":"Hawita Group GmbH"},"image":{"@id":"https:\/\/www.hawita-group.com\/es\/#logo"}},{"@type":"WebSite","@id":"https:\/\/www.hawita-group.com\/es\/#website","url":"https:\/\/www.hawita-group.com\/es\/","name":"Hawita Group GmbH - ES","description":"","publisher":{"@id":"https:\/\/www.hawita-group.com\/es\/#organization"},"potentialAction":[{"@type":"SearchAction","target":{"@type":"EntryPoint","urlTemplate":"https:\/\/www.hawita-group.com\/es\/?s={search_term_string}"},"query-input":"required name=search_term_string"}],"inLanguage":"de"},{"@type":"ImageObject","@id":"https:\/\/www.hawita-group.com\/es\/substrates\/substrates-for-berries\/#primaryimage","inLanguage":"de","url":"https:\/\/www.hawita-group.com\/wp-content\/uploads\/2020\/03\/Hawita-professional-Logo-mit-gr\u00fcnem-Kasten-300x200.png","contentUrl":"https:\/\/www.hawita-group.com\/wp-content\/uploads\/2020\/03\/Hawita-professional-Logo-mit-gr\u00fcnem-Kasten-300x200.png"},{"@type":"WebPage","@id":"https:\/\/www.hawita-group.com\/es\/substrates\/substrates-for-berries\/#webpage","url":"https:\/\/www.hawita-group.com\/es\/substrates\/substrates-for-berries\/","name":"Substratos para berries - Hawita Group GmbH - ES","isPartOf":{"@id":"https:\/\/www.hawita-group.com\/es\/#website"},"primaryImageOfPage":{"@id":"https:\/\/www.hawita-group.com\/es\/substrates\/substrates-for-berries\/#primaryimage"},"datePublished":"2020-03-16T11:28:47+00:00","dateModified":"2020-09-25T22:10:29+00:00","description":"El grupo HAWITA es una empresa de nivel internacional con actualmente m\u00e1s de 400 empleados, ocho f\u00e1bricas de producci\u00f3n y m\u00e1s de 4500 ha de turberas en Alemania y el B\u00e1ltico.","breadcrumb":{"@id":"https:\/\/www.hawita-group.com\/es\/substrates\/substrates-for-berries\/#breadcrumb"},"inLanguage":"de","potentialAction":[{"@type":"ReadAction","target":["https:\/\/www.hawita-group.com\/es\/substrates\/substrates-for-berries\/"]}]},{"@type":"BreadcrumbList","@id":"https:\/\/www.hawita-group.com\/es\/substrates\/substrates-for-berries\/#breadcrumb","itemListElement":[{"@type":"ListItem","position":1,"name":"Startseite","item":"https:\/\/www.hawita-group.com\/es\/"},{"@type":"ListItem","position":2,"name":"Substratos","item":"https:\/\/www.hawita-group.com\/es\/substrates\/"},{"@type":"ListItem","position":3,"name":"Substratos para berries"}]}]}},"_links":{"self":[{"href":"https:\/\/www.hawita-group.com\/es\/wp-json\/wp\/v2\/pages\/360"}],"collection":[{"href":"https:\/\/www.hawita-group.com\/es\/wp-json\/wp\/v2\/pages"}],"about":[{"href":"https:\/\/www.hawita-group.com\/es\/wp-json\/wp\/v2\/types\/page"}],"author":[{"embeddable":true,"href":"https:\/\/www.hawita-group.com\/es\/wp-json\/wp\/v2\/users\/1"}],"replies":[{"embeddable":true,"href":"https:\/\/www.hawita-group.com\/es\/wp-json\/wp\/v2\/comments?post=360"}],"version-history":[{"count":2,"href":"https:\/\/www.hawita-group.com\/es\/wp-json\/wp\/v2\/pages\/360\/revisions"}],"predecessor-version":[{"id":1003,"href":"https:\/\/www.hawita-group.com\/es\/wp-json\/wp\/v2\/pages\/360\/revisions\/1003"}],"up":[{"embeddable":true,"href":"https:\/\/www.hawita-group.com\/es\/wp-json\/wp\/v2\/pages\/307"}],"wp:attachment":[{"href":"https:\/\/www.hawita-group.com\/es\/wp-json\/wp\/v2\/media?parent=360"}],"curies":[{"name":"wp","href":"https:\/\/api.w.org\/{rel}","templated":true}]}}