{"id":20,"date":"2020-03-04T18:20:25","date_gmt":"2020-03-04T17:20:25","guid":{"rendered":"http:\/\/k10086-1.server5.febas.net\/?page_id=20"},"modified":"2020-11-17T12:30:50","modified_gmt":"2020-11-17T11:30:50","slug":"bienvenido","status":"publish","type":"page","link":"https:\/\/www.hawita-group.com\/es\/","title":{"rendered":"Bienvenido"},"content":{"rendered":"<h1 style=\"padding-left: 0px; text-align: left;\"><span style=\"color: #abc433;\"><strong data-rich-text-format-boundary=\"true\">100 a\u00f1os de experiencia<br data-rich-text-line-break=\"true\">&nbsp; &nbsp;m\u00e1s de 400 empleados<br data-rich-text-line-break=\"true\">&nbsp; &nbsp; &nbsp; &nbsp;8 f\u00e1bricas de producci\u00f3n<br data-rich-text-line-break=\"true\">&nbsp; &nbsp; &nbsp;4500 ha de turberas<\/strong><\/span><\/h1>\n\n\n<p>Somos <strong>el <\/strong>fabricante de turbas, substratos, macetas y Easypot. El grupo HAWITA es una empresa de nivel internacional con actualmente m\u00e1s de 400 empleados, ocho f\u00e1bricas de producci\u00f3n y m\u00e1s de 4500 ha de turberas en Alemania y el B\u00e1ltico.<br><br>Gracias a una pol\u00edtica empresarial continua, una amplia experiencia y excelentes empleados, en los <a href=\"https:\/\/www.hawita-group.com\/es\/historia\/\">100 a\u00f1os de existencia<\/a> de la empresa nos hemos convertido en un fabricante premium de productos para la jardiner\u00eda moderna. <br><br>Nuestra gama de productos cubre las diversas \u00e1reas del \u201csector verde\u201d. Desde los jardineros aficionados hasta la horticultura profesional. No importa si turbas naturales, substratos especiales o macetas. Con nuestro nombre y nuestro lema: \u00bb<strong>Your plants in good hands<\/strong>\u00ab (Sus plantas en buenas manos), defendemos nuestro espirit\u00fa innovador, productos de alta calidad, orientaci\u00f3n a las necesidades de los clientes y una log\u00edstica sin interrupciones.<br><br>El grupo HAWITA proporciona ayuda financiera y pr\u00e1ctica para la restauraci\u00f3n de la tierra. Por ejemplo, se crean zanjas de drenaje para asegurar que el agua de lluvia permanezca en la tierra. La vegetaci\u00f3n despu\u00e9s de la extracci\u00f3n de la turba comienza con \u00e1reas de pantano elevadas y temblorosas. El algodoncillo de hoja estrecha y el musgo de turba, en particular, son las primeras plantas que echan ra\u00edces en las zonas restauradas. Adem\u00e1s, los sitios rehidratados son tambi\u00e9n lugares ideales para que las aves descansen.<br><br>Ahora, muchos de nuestros productos tambi\u00e9n est\u00e1n disponibles en l\u00ednea. Visite nuestra <a href=\"https:\/\/www.hawita.de\" target=\"_blank\" rel=\"noreferrer noopener\">tienda virtual<\/a>!<\/p>\n\n\n\n<div class=\"solicite-muestras-gratuitas\"><a href=\"https:\/\/www.hawita-group.com\/es\/request-free-samples\/\"><img src=\"https:\/\/www.hawita-group.com\/es\/wp-content\/uploads\/sites\/2\/2020\/11\/muestras.png\" \"=\"\"><\/a> <\/div>\n","protected":false},"excerpt":{"rendered":"<p>100 a\u00f1os de experiencia&nbsp; &nbsp;m\u00e1s de 400 empleados&nbsp; &nbsp; &nbsp; &nbsp;8 f\u00e1bricas de producci\u00f3n&nbsp; &nbsp; &nbsp;4500 ha de turberas Somos el fabricante de turbas, substratos, macetas y Easypot. El grupo HAWITA es una empresa de nivel internacional con actualmente m\u00e1s de 400 empleados, ocho f\u00e1bricas de producci\u00f3n y m\u00e1s de 4500 ha de turberas en &hellip; <\/p>\n<p class=\"link-more\"><a href=\"https:\/\/www.hawita-group.com\/es\/\" class=\"more-link\"><span class=\"screen-reader-text\">\u201eBienvenido\u201c<\/span> weiterlesen<\/a><\/p>\n","protected":false},"author":1,"featured_media":0,"parent":0,"menu_order":0,"comment_status":"closed","ping_status":"closed","template":"","meta":[],"yoast_head":"<!-- This site is optimized with the Yoast SEO plugin v18.2 - https:\/\/yoast.com\/wordpress\/plugins\/seo\/ -->\n<title>Turbas substratos y m\u00e1s - HAWITA - Sus plantas en buenas manos!<\/title>\n<meta name=\"description\" content=\"Turbas, substratos y m\u00e1s de HAWITA - 100 a\u00f1os de experiencia, m\u00e1s de 400 empleados, ocho f\u00e1bricas de producci\u00f3n y m\u00e1s de 4500 ha de turberas.\" \/>\n<meta name=\"robots\" content=\"index, follow, max-snippet:-1, max-image-preview:large, max-video-preview:-1\" \/>\n<link rel=\"canonical\" href=\"https:\/\/www.hawita-group.com\/es\/\" \/>\n<meta property=\"og:locale\" content=\"de_DE\" \/>\n<meta property=\"og:type\" content=\"article\" \/>\n<meta property=\"og:title\" content=\"Turbas substratos y m\u00e1s - HAWITA - Sus plantas en buenas manos!\" \/>\n<meta property=\"og:description\" content=\"Turbas, substratos y m\u00e1s de HAWITA - 100 a\u00f1os de experiencia, m\u00e1s de 400 empleados, ocho f\u00e1bricas de producci\u00f3n y m\u00e1s de 4500 ha de turberas.\" \/>\n<meta property=\"og:url\" content=\"https:\/\/www.hawita-group.com\/es\/\" \/>\n<meta property=\"og:site_name\" content=\"Hawita Group GmbH - ES\" \/>\n<meta property=\"article:publisher\" content=\"https:\/\/www.facebook.com\/hawitagruppe\" \/>\n<meta property=\"article:modified_time\" content=\"2020-11-17T11:30:50+00:00\" \/>\n<meta property=\"og:image\" content=\"https:\/\/www.hawita-group.com\/es\/wp-content\/uploads\/sites\/2\/2020\/11\/muestras.png\" \/>\n<meta name=\"twitter:card\" content=\"summary_large_image\" \/>\n<meta name=\"twitter:label1\" content=\"Gesch\u00e4tzte Lesezeit\" \/>\n\t<meta name=\"twitter:data1\" content=\"1\u00a0Minute\" \/>\n<script type=\"application\/ld+json\" class=\"yoast-schema-graph\">{\"@context\":\"https:\/\/schema.org\",\"@graph\":[{\"@type\":\"Organization\",\"@id\":\"https:\/\/www.hawita-group.com\/es\/#organization\",\"name\":\"Hawita Group GmbH\",\"url\":\"https:\/\/www.hawita-group.com\/es\/\",\"sameAs\":[\"https:\/\/www.facebook.com\/hawitagruppe\"],\"logo\":{\"@type\":\"ImageObject\",\"@id\":\"https:\/\/www.hawita-group.com\/es\/#logo\",\"inLanguage\":\"de\",\"url\":\"https:\/\/www.hawita-group.com\/es\/wp-content\/uploads\/sites\/2\/2020\/09\/Hawita-Logo-mit-gruenem-Kasten.png\",\"contentUrl\":\"https:\/\/www.hawita-group.com\/es\/wp-content\/uploads\/sites\/2\/2020\/09\/Hawita-Logo-mit-gruenem-Kasten.png\",\"width\":2126,\"height\":1417,\"caption\":\"Hawita Group GmbH\"},\"image\":{\"@id\":\"https:\/\/www.hawita-group.com\/es\/#logo\"}},{\"@type\":\"WebSite\",\"@id\":\"https:\/\/www.hawita-group.com\/es\/#website\",\"url\":\"https:\/\/www.hawita-group.com\/es\/\",\"name\":\"Hawita Group GmbH - ES\",\"description\":\"\",\"publisher\":{\"@id\":\"https:\/\/www.hawita-group.com\/es\/#organization\"},\"potentialAction\":[{\"@type\":\"SearchAction\",\"target\":{\"@type\":\"EntryPoint\",\"urlTemplate\":\"https:\/\/www.hawita-group.com\/es\/?s={search_term_string}\"},\"query-input\":\"required name=search_term_string\"}],\"inLanguage\":\"de\"},{\"@type\":\"ImageObject\",\"@id\":\"https:\/\/www.hawita-group.com\/es\/#primaryimage\",\"inLanguage\":\"de\",\"url\":\"https:\/\/www.hawita-group.com\/es\/wp-content\/uploads\/sites\/2\/2020\/11\/muestras.png\",\"contentUrl\":\"https:\/\/www.hawita-group.com\/es\/wp-content\/uploads\/sites\/2\/2020\/11\/muestras.png\",\"width\":552,\"height\":209},{\"@type\":\"WebPage\",\"@id\":\"https:\/\/www.hawita-group.com\/es\/#webpage\",\"url\":\"https:\/\/www.hawita-group.com\/es\/\",\"name\":\"Turbas substratos y m\u00e1s - HAWITA - Sus plantas en buenas manos!\",\"isPartOf\":{\"@id\":\"https:\/\/www.hawita-group.com\/es\/#website\"},\"primaryImageOfPage\":{\"@id\":\"https:\/\/www.hawita-group.com\/es\/#primaryimage\"},\"datePublished\":\"2020-03-04T17:20:25+00:00\",\"dateModified\":\"2020-11-17T11:30:50+00:00\",\"description\":\"Turbas, substratos y m\u00e1s de HAWITA - 100 a\u00f1os de experiencia, m\u00e1s de 400 empleados, ocho f\u00e1bricas de producci\u00f3n y m\u00e1s de 4500 ha de turberas.\",\"breadcrumb\":{\"@id\":\"https:\/\/www.hawita-group.com\/es\/#breadcrumb\"},\"inLanguage\":\"de\",\"potentialAction\":[{\"@type\":\"ReadAction\",\"target\":[\"https:\/\/www.hawita-group.com\/es\/\"]}]},{\"@type\":\"BreadcrumbList\",\"@id\":\"https:\/\/www.hawita-group.com\/es\/#breadcrumb\",\"itemListElement\":[{\"@type\":\"ListItem\",\"position\":1,\"name\":\"Startseite\",\"item\":\"https:\/\/www.hawita-group.com\/es\/\"},{\"@type\":\"ListItem\",\"position\":2,\"name\":\"Bienvenido\"}]}]}<\/script>\n<!-- \/ Yoast SEO plugin. -->","yoast_head_json":{"title":"Turbas substratos y m\u00e1s - HAWITA - Sus plantas en buenas manos!","description":"Turbas, substratos y m\u00e1s de HAWITA - 100 a\u00f1os de experiencia, m\u00e1s de 400 empleados, ocho f\u00e1bricas de producci\u00f3n y m\u00e1s de 4500 ha de turberas.","robots":{"index":"index","follow":"follow","max-snippet":"max-snippet:-1","max-image-preview":"max-image-preview:large","max-video-preview":"max-video-preview:-1"},"canonical":"https:\/\/www.hawita-group.com\/es\/","og_locale":"de_DE","og_type":"article","og_title":"Turbas substratos y m\u00e1s - HAWITA - Sus plantas en buenas manos!","og_description":"Turbas, substratos y m\u00e1s de HAWITA - 100 a\u00f1os de experiencia, m\u00e1s de 400 empleados, ocho f\u00e1bricas de producci\u00f3n y m\u00e1s de 4500 ha de turberas.","og_url":"https:\/\/www.hawita-group.com\/es\/","og_site_name":"Hawita Group GmbH - ES","article_publisher":"https:\/\/www.facebook.com\/hawitagruppe","article_modified_time":"2020-11-17T11:30:50+00:00","og_image":[{"url":"https:\/\/www.hawita-group.com\/es\/wp-content\/uploads\/sites\/2\/2020\/11\/muestras.png"}],"twitter_card":"summary_large_image","twitter_misc":{"Gesch\u00e4tzte Lesezeit":"1\u00a0Minute"},"schema":{"@context":"https:\/\/schema.org","@graph":[{"@type":"Organization","@id":"https:\/\/www.hawita-group.com\/es\/#organization","name":"Hawita Group GmbH","url":"https:\/\/www.hawita-group.com\/es\/","sameAs":["https:\/\/www.facebook.com\/hawitagruppe"],"logo":{"@type":"ImageObject","@id":"https:\/\/www.hawita-group.com\/es\/#logo","inLanguage":"de","url":"https:\/\/www.hawita-group.com\/es\/wp-content\/uploads\/sites\/2\/2020\/09\/Hawita-Logo-mit-gruenem-Kasten.png","contentUrl":"https:\/\/www.hawita-group.com\/es\/wp-content\/uploads\/sites\/2\/2020\/09\/Hawita-Logo-mit-gruenem-Kasten.png","width":2126,"height":1417,"caption":"Hawita Group GmbH"},"image":{"@id":"https:\/\/www.hawita-group.com\/es\/#logo"}},{"@type":"WebSite","@id":"https:\/\/www.hawita-group.com\/es\/#website","url":"https:\/\/www.hawita-group.com\/es\/","name":"Hawita Group GmbH - ES","description":"","publisher":{"@id":"https:\/\/www.hawita-group.com\/es\/#organization"},"potentialAction":[{"@type":"SearchAction","target":{"@type":"EntryPoint","urlTemplate":"https:\/\/www.hawita-group.com\/es\/?s={search_term_string}"},"query-input":"required name=search_term_string"}],"inLanguage":"de"},{"@type":"ImageObject","@id":"https:\/\/www.hawita-group.com\/es\/#primaryimage","inLanguage":"de","url":"https:\/\/www.hawita-group.com\/es\/wp-content\/uploads\/sites\/2\/2020\/11\/muestras.png","contentUrl":"https:\/\/www.hawita-group.com\/es\/wp-content\/uploads\/sites\/2\/2020\/11\/muestras.png","width":552,"height":209},{"@type":"WebPage","@id":"https:\/\/www.hawita-group.com\/es\/#webpage","url":"https:\/\/www.hawita-group.com\/es\/","name":"Turbas substratos y m\u00e1s - HAWITA - Sus plantas en buenas manos!","isPartOf":{"@id":"https:\/\/www.hawita-group.com\/es\/#website"},"primaryImageOfPage":{"@id":"https:\/\/www.hawita-group.com\/es\/#primaryimage"},"datePublished":"2020-03-04T17:20:25+00:00","dateModified":"2020-11-17T11:30:50+00:00","description":"Turbas, substratos y m\u00e1s de HAWITA - 100 a\u00f1os de experiencia, m\u00e1s de 400 empleados, ocho f\u00e1bricas de producci\u00f3n y m\u00e1s de 4500 ha de turberas.","breadcrumb":{"@id":"https:\/\/www.hawita-group.com\/es\/#breadcrumb"},"inLanguage":"de","potentialAction":[{"@type":"ReadAction","target":["https:\/\/www.hawita-group.com\/es\/"]}]},{"@type":"BreadcrumbList","@id":"https:\/\/www.hawita-group.com\/es\/#breadcrumb","itemListElement":[{"@type":"ListItem","position":1,"name":"Startseite","item":"https:\/\/www.hawita-group.com\/es\/"},{"@type":"ListItem","position":2,"name":"Bienvenido"}]}]}},"_links":{"self":[{"href":"https:\/\/www.hawita-group.com\/es\/wp-json\/wp\/v2\/pages\/20"}],"collection":[{"href":"https:\/\/www.hawita-group.com\/es\/wp-json\/wp\/v2\/pages"}],"about":[{"href":"https:\/\/www.hawita-group.com\/es\/wp-json\/wp\/v2\/types\/page"}],"author":[{"embeddable":true,"href":"https:\/\/www.hawita-group.com\/es\/wp-json\/wp\/v2\/users\/1"}],"replies":[{"embeddable":true,"href":"https:\/\/www.hawita-group.com\/es\/wp-json\/wp\/v2\/comments?post=20"}],"version-history":[{"count":18,"href":"https:\/\/www.hawita-group.com\/es\/wp-json\/wp\/v2\/pages\/20\/revisions"}],"predecessor-version":[{"id":1138,"href":"https:\/\/www.hawita-group.com\/es\/wp-json\/wp\/v2\/pages\/20\/revisions\/1138"}],"wp:attachment":[{"href":"https:\/\/www.hawita-group.com\/es\/wp-json\/wp\/v2\/media?parent=20"}],"curies":[{"name":"wp","href":"https:\/\/api.w.org\/{rel}","templated":true}]}}