{"id":113,"date":"2020-03-11T08:31:23","date_gmt":"2020-03-11T07:31:23","guid":{"rendered":"http:\/\/k10086-1.server5.febas.net\/?page_id=113"},"modified":"2020-11-19T10:56:05","modified_gmt":"2020-11-19T09:56:05","slug":"planter-pots","status":"publish","type":"page","link":"https:\/\/www.hawita-group.com\/es\/planter-pots\/","title":{"rendered":"Macetas"},"content":{"rendered":"\n<div class=\"wp-block-image\"><figure class=\"aligncenter size-large is-resized\"><img loading=\"lazy\" src=\"https:\/\/www.hawita-group.com\/wp-content\/uploads\/2020\/03\/Hawita-technoplant-Logo-mit-gr\u00fcnem-Kasten-300x200.png\" alt=\"\" width=\"225\" height=\"150\"\/><\/figure><\/div>\n\n\n<p style=\"text-align: left;\"><strong><img loading=\"lazy\" class=\"wp-image-786 alignright\" src=\"https:\/\/www.hawita-group.com\/wp-content\/uploads\/2020\/09\/Pflanztopf-pink-magenta-lila-gelbgrun-blaulila-teilweise-bepflanzt-1024x1021.png\" alt=\"\" width=\"258\" height=\"257\"><\/strong><\/p>\n<p style=\"text-align: left;\"><strong>Nuestra filial HAWITA-technoplant, fundada el a\u00f1o 1990, es hoy por hoy uno de los fabricantes l\u00edder de macetas de pl\u00e1stico. <\/strong>En el la&nbsp; f\u00e1brica de Emstek (Alemania) desarrollamos y producimos macetas de alta&nbsp; calidad para la jardiner\u00eda profesional y aficionada as\u00ed como para bricolaje y&nbsp; autoservicio: desde las primeras ideas, pasando por el desarrollo de las herramientas hasta el uso de modernas m\u00e1quinas de moldeo por inyecci\u00f3n.<br>Los productos de HAWITA-technoplant destacan por aut\u00e9nticas ventajas funcionales. En el uso ganan, por ejemplo, por inteligentes dispositivos de&nbsp; llenado y de almacenamiento del agua. Para que siga siendo as\u00ed, nuestro&nbsp; equipo de desarrollo y distribuci\u00f3n se encarga del desarrollo y perfeccionamiento as\u00ed como de reaccionar con rapidez a los deseos de los clientes. Pues, adem\u00e1s de la gama de productos est\u00e1ndar tambi\u00e9n producimos productos a medida seg\u00fan las especificaciones individuales del cliente.<\/p>\n\n\n<hr class=\"wp-block-separator is-style-wide\"\/>\n\n\n\n<p><strong>Cat\u00e1logos:<\/strong><\/p>\n\n\n\n<div class=\"wp-block-media-text alignwide is-vertically-aligned-center\" style=\"grid-template-columns:15% auto\"><figure class=\"wp-block-media-text__media\"><img loading=\"lazy\" width=\"120\" height=\"170\" src=\"https:\/\/www.hawita-group.com\/es\/wp-content\/uploads\/sites\/2\/2020\/11\/TP-21.png\" alt=\"\" class=\"wp-image-1062\"\/><\/figure><div class=\"wp-block-media-text__content\">\n<p class=\"has-text-align-left has-small-font-size\"><strong>technoplant | (English) 2021<\/strong><\/p>\n\n\n\n<p class=\"has-text-align-left has-luminous-vivid-orange-color has-text-color\"><strong>NUEVOS PRODUCTOS!<\/strong><\/p>\n\n\n\n<div class=\"wp-container-1 wp-block-buttons\">\n<div class=\"wp-block-button\"><a class=\"wp-block-button__link has-background\" href=\"https:\/\/www.hawita-group.com\/wp-content\/uploads\/2020\/11\/TP-Gesamtkatalog-2021.pdf\" style=\"border-radius:5px;background-color:#abc433\"><strong>Descargar<\/strong><\/a><\/div>\n<\/div>\n<\/div><\/div>\n\n\n\n<div class=\"wp-block-media-text alignwide is-vertically-aligned-center\" style=\"grid-template-columns:15% auto\"><figure class=\"wp-block-media-text__media\"><img src=\"https:\/\/www.hawita-group.com\/wp-content\/uploads\/2020\/09\/titel_pcr.png\" alt=\"\" class=\"wp-image-829\"\/><\/figure><div class=\"wp-block-media-text__content\">\n<p class=\"has-small-font-size\"><strong>PCR | (English) 2020<\/strong><\/p>\n\n\n\n<div class=\"wp-container-2 wp-block-buttons\">\n<div class=\"wp-block-button\"><a class=\"wp-block-button__link has-background\" href=\"https:\/\/www.hawita-group.com\/wp-content\/uploads\/2020\/09\/flyer_recycling_pcr_en.pdf\" style=\"border-radius:5px;background-color:#abc433\"><strong>Descargar<\/strong><\/a><\/div>\n<\/div>\n<\/div><\/div>\n","protected":false},"excerpt":{"rendered":"<p>Nuestra filial HAWITA-technoplant, fundada el a\u00f1o 1990, es hoy por hoy uno de los fabricantes l\u00edder de macetas de pl\u00e1stico. En el la&nbsp; f\u00e1brica de Emstek (Alemania) desarrollamos y producimos macetas de alta&nbsp; calidad para la jardiner\u00eda profesional y aficionada as\u00ed como para bricolaje y&nbsp; autoservicio: desde las primeras ideas, pasando por el desarrollo de &hellip; <\/p>\n<p class=\"link-more\"><a href=\"https:\/\/www.hawita-group.com\/es\/planter-pots\/\" class=\"more-link\"><span class=\"screen-reader-text\">\u201eMacetas\u201c<\/span> weiterlesen<\/a><\/p>\n","protected":false},"author":1,"featured_media":0,"parent":0,"menu_order":0,"comment_status":"closed","ping_status":"closed","template":"","meta":[],"yoast_head":"<!-- This site is optimized with the Yoast SEO plugin v18.2 - https:\/\/yoast.com\/wordpress\/plugins\/seo\/ -->\n<title>Macetas - Hawita Group GmbH - ES<\/title>\n<meta name=\"description\" content=\"El grupo HAWITA es una empresa de nivel internacional con actualmente m\u00e1s de 400 empleados, ocho f\u00e1bricas de producci\u00f3n y m\u00e1s de 4500 ha de turberas en Alemania y el B\u00e1ltico.\" \/>\n<meta name=\"robots\" content=\"index, follow, max-snippet:-1, max-image-preview:large, max-video-preview:-1\" \/>\n<link rel=\"canonical\" href=\"https:\/\/www.hawita-group.com\/es\/planter-pots\/\" \/>\n<meta property=\"og:locale\" content=\"de_DE\" \/>\n<meta property=\"og:type\" content=\"article\" \/>\n<meta property=\"og:title\" content=\"Macetas - Hawita Group GmbH - ES\" \/>\n<meta property=\"og:description\" content=\"El grupo HAWITA es una empresa de nivel internacional con actualmente m\u00e1s de 400 empleados, ocho f\u00e1bricas de producci\u00f3n y m\u00e1s de 4500 ha de turberas en Alemania y el B\u00e1ltico.\" \/>\n<meta property=\"og:url\" content=\"https:\/\/www.hawita-group.com\/es\/planter-pots\/\" \/>\n<meta property=\"og:site_name\" content=\"Hawita Group GmbH - ES\" \/>\n<meta property=\"article:publisher\" content=\"https:\/\/www.facebook.com\/hawitagruppe\" \/>\n<meta property=\"article:modified_time\" content=\"2020-11-19T09:56:05+00:00\" \/>\n<meta property=\"og:image\" content=\"https:\/\/www.hawita-group.com\/wp-content\/uploads\/2020\/03\/Hawita-technoplant-Logo-mit-gr\u00fcnem-Kasten-300x200.png\" \/>\n<meta name=\"twitter:card\" content=\"summary_large_image\" \/>\n<meta name=\"twitter:label1\" content=\"Gesch\u00e4tzte Lesezeit\" \/>\n\t<meta name=\"twitter:data1\" content=\"1\u00a0Minute\" \/>\n<script type=\"application\/ld+json\" class=\"yoast-schema-graph\">{\"@context\":\"https:\/\/schema.org\",\"@graph\":[{\"@type\":\"Organization\",\"@id\":\"https:\/\/www.hawita-group.com\/es\/#organization\",\"name\":\"Hawita Group GmbH\",\"url\":\"https:\/\/www.hawita-group.com\/es\/\",\"sameAs\":[\"https:\/\/www.facebook.com\/hawitagruppe\"],\"logo\":{\"@type\":\"ImageObject\",\"@id\":\"https:\/\/www.hawita-group.com\/es\/#logo\",\"inLanguage\":\"de\",\"url\":\"https:\/\/www.hawita-group.com\/es\/wp-content\/uploads\/sites\/2\/2020\/09\/Hawita-Logo-mit-gruenem-Kasten.png\",\"contentUrl\":\"https:\/\/www.hawita-group.com\/es\/wp-content\/uploads\/sites\/2\/2020\/09\/Hawita-Logo-mit-gruenem-Kasten.png\",\"width\":2126,\"height\":1417,\"caption\":\"Hawita Group GmbH\"},\"image\":{\"@id\":\"https:\/\/www.hawita-group.com\/es\/#logo\"}},{\"@type\":\"WebSite\",\"@id\":\"https:\/\/www.hawita-group.com\/es\/#website\",\"url\":\"https:\/\/www.hawita-group.com\/es\/\",\"name\":\"Hawita Group GmbH - ES\",\"description\":\"\",\"publisher\":{\"@id\":\"https:\/\/www.hawita-group.com\/es\/#organization\"},\"potentialAction\":[{\"@type\":\"SearchAction\",\"target\":{\"@type\":\"EntryPoint\",\"urlTemplate\":\"https:\/\/www.hawita-group.com\/es\/?s={search_term_string}\"},\"query-input\":\"required name=search_term_string\"}],\"inLanguage\":\"de\"},{\"@type\":\"ImageObject\",\"@id\":\"https:\/\/www.hawita-group.com\/es\/planter-pots\/#primaryimage\",\"inLanguage\":\"de\",\"url\":\"https:\/\/www.hawita-group.com\/wp-content\/uploads\/2020\/03\/Hawita-technoplant-Logo-mit-gr\u00fcnem-Kasten-300x200.png\",\"contentUrl\":\"https:\/\/www.hawita-group.com\/wp-content\/uploads\/2020\/03\/Hawita-technoplant-Logo-mit-gr\u00fcnem-Kasten-300x200.png\"},{\"@type\":\"WebPage\",\"@id\":\"https:\/\/www.hawita-group.com\/es\/planter-pots\/#webpage\",\"url\":\"https:\/\/www.hawita-group.com\/es\/planter-pots\/\",\"name\":\"Macetas - Hawita Group GmbH - ES\",\"isPartOf\":{\"@id\":\"https:\/\/www.hawita-group.com\/es\/#website\"},\"primaryImageOfPage\":{\"@id\":\"https:\/\/www.hawita-group.com\/es\/planter-pots\/#primaryimage\"},\"datePublished\":\"2020-03-11T07:31:23+00:00\",\"dateModified\":\"2020-11-19T09:56:05+00:00\",\"description\":\"El grupo HAWITA es una empresa de nivel internacional con actualmente m\u00e1s de 400 empleados, ocho f\u00e1bricas de producci\u00f3n y m\u00e1s de 4500 ha de turberas en Alemania y el B\u00e1ltico.\",\"breadcrumb\":{\"@id\":\"https:\/\/www.hawita-group.com\/es\/planter-pots\/#breadcrumb\"},\"inLanguage\":\"de\",\"potentialAction\":[{\"@type\":\"ReadAction\",\"target\":[\"https:\/\/www.hawita-group.com\/es\/planter-pots\/\"]}]},{\"@type\":\"BreadcrumbList\",\"@id\":\"https:\/\/www.hawita-group.com\/es\/planter-pots\/#breadcrumb\",\"itemListElement\":[{\"@type\":\"ListItem\",\"position\":1,\"name\":\"Startseite\",\"item\":\"https:\/\/www.hawita-group.com\/es\/\"},{\"@type\":\"ListItem\",\"position\":2,\"name\":\"Macetas\"}]}]}<\/script>\n<!-- \/ Yoast SEO plugin. -->","yoast_head_json":{"title":"Macetas - Hawita Group GmbH - ES","description":"El grupo HAWITA es una empresa de nivel internacional con actualmente m\u00e1s de 400 empleados, ocho f\u00e1bricas de producci\u00f3n y m\u00e1s de 4500 ha de turberas en Alemania y el B\u00e1ltico.","robots":{"index":"index","follow":"follow","max-snippet":"max-snippet:-1","max-image-preview":"max-image-preview:large","max-video-preview":"max-video-preview:-1"},"canonical":"https:\/\/www.hawita-group.com\/es\/planter-pots\/","og_locale":"de_DE","og_type":"article","og_title":"Macetas - Hawita Group GmbH - ES","og_description":"El grupo HAWITA es una empresa de nivel internacional con actualmente m\u00e1s de 400 empleados, ocho f\u00e1bricas de producci\u00f3n y m\u00e1s de 4500 ha de turberas en Alemania y el B\u00e1ltico.","og_url":"https:\/\/www.hawita-group.com\/es\/planter-pots\/","og_site_name":"Hawita Group GmbH - ES","article_publisher":"https:\/\/www.facebook.com\/hawitagruppe","article_modified_time":"2020-11-19T09:56:05+00:00","og_image":[{"url":"https:\/\/www.hawita-group.com\/wp-content\/uploads\/2020\/03\/Hawita-technoplant-Logo-mit-gr\u00fcnem-Kasten-300x200.png"}],"twitter_card":"summary_large_image","twitter_misc":{"Gesch\u00e4tzte Lesezeit":"1\u00a0Minute"},"schema":{"@context":"https:\/\/schema.org","@graph":[{"@type":"Organization","@id":"https:\/\/www.hawita-group.com\/es\/#organization","name":"Hawita Group GmbH","url":"https:\/\/www.hawita-group.com\/es\/","sameAs":["https:\/\/www.facebook.com\/hawitagruppe"],"logo":{"@type":"ImageObject","@id":"https:\/\/www.hawita-group.com\/es\/#logo","inLanguage":"de","url":"https:\/\/www.hawita-group.com\/es\/wp-content\/uploads\/sites\/2\/2020\/09\/Hawita-Logo-mit-gruenem-Kasten.png","contentUrl":"https:\/\/www.hawita-group.com\/es\/wp-content\/uploads\/sites\/2\/2020\/09\/Hawita-Logo-mit-gruenem-Kasten.png","width":2126,"height":1417,"caption":"Hawita Group GmbH"},"image":{"@id":"https:\/\/www.hawita-group.com\/es\/#logo"}},{"@type":"WebSite","@id":"https:\/\/www.hawita-group.com\/es\/#website","url":"https:\/\/www.hawita-group.com\/es\/","name":"Hawita Group GmbH - ES","description":"","publisher":{"@id":"https:\/\/www.hawita-group.com\/es\/#organization"},"potentialAction":[{"@type":"SearchAction","target":{"@type":"EntryPoint","urlTemplate":"https:\/\/www.hawita-group.com\/es\/?s={search_term_string}"},"query-input":"required name=search_term_string"}],"inLanguage":"de"},{"@type":"ImageObject","@id":"https:\/\/www.hawita-group.com\/es\/planter-pots\/#primaryimage","inLanguage":"de","url":"https:\/\/www.hawita-group.com\/wp-content\/uploads\/2020\/03\/Hawita-technoplant-Logo-mit-gr\u00fcnem-Kasten-300x200.png","contentUrl":"https:\/\/www.hawita-group.com\/wp-content\/uploads\/2020\/03\/Hawita-technoplant-Logo-mit-gr\u00fcnem-Kasten-300x200.png"},{"@type":"WebPage","@id":"https:\/\/www.hawita-group.com\/es\/planter-pots\/#webpage","url":"https:\/\/www.hawita-group.com\/es\/planter-pots\/","name":"Macetas - Hawita Group GmbH - ES","isPartOf":{"@id":"https:\/\/www.hawita-group.com\/es\/#website"},"primaryImageOfPage":{"@id":"https:\/\/www.hawita-group.com\/es\/planter-pots\/#primaryimage"},"datePublished":"2020-03-11T07:31:23+00:00","dateModified":"2020-11-19T09:56:05+00:00","description":"El grupo HAWITA es una empresa de nivel internacional con actualmente m\u00e1s de 400 empleados, ocho f\u00e1bricas de producci\u00f3n y m\u00e1s de 4500 ha de turberas en Alemania y el B\u00e1ltico.","breadcrumb":{"@id":"https:\/\/www.hawita-group.com\/es\/planter-pots\/#breadcrumb"},"inLanguage":"de","potentialAction":[{"@type":"ReadAction","target":["https:\/\/www.hawita-group.com\/es\/planter-pots\/"]}]},{"@type":"BreadcrumbList","@id":"https:\/\/www.hawita-group.com\/es\/planter-pots\/#breadcrumb","itemListElement":[{"@type":"ListItem","position":1,"name":"Startseite","item":"https:\/\/www.hawita-group.com\/es\/"},{"@type":"ListItem","position":2,"name":"Macetas"}]}]}},"_links":{"self":[{"href":"https:\/\/www.hawita-group.com\/es\/wp-json\/wp\/v2\/pages\/113"}],"collection":[{"href":"https:\/\/www.hawita-group.com\/es\/wp-json\/wp\/v2\/pages"}],"about":[{"href":"https:\/\/www.hawita-group.com\/es\/wp-json\/wp\/v2\/types\/page"}],"author":[{"embeddable":true,"href":"https:\/\/www.hawita-group.com\/es\/wp-json\/wp\/v2\/users\/1"}],"replies":[{"embeddable":true,"href":"https:\/\/www.hawita-group.com\/es\/wp-json\/wp\/v2\/comments?post=113"}],"version-history":[{"count":8,"href":"https:\/\/www.hawita-group.com\/es\/wp-json\/wp\/v2\/pages\/113\/revisions"}],"predecessor-version":[{"id":1159,"href":"https:\/\/www.hawita-group.com\/es\/wp-json\/wp\/v2\/pages\/113\/revisions\/1159"}],"wp:attachment":[{"href":"https:\/\/www.hawita-group.com\/es\/wp-json\/wp\/v2\/media?parent=113"}],"curies":[{"name":"wp","href":"https:\/\/api.w.org\/{rel}","templated":true}]}}