{"id":1097,"date":"2020-11-16T15:15:16","date_gmt":"2020-11-16T14:15:16","guid":{"rendered":"https:\/\/www.hawita-group.com\/es\/?page_id=1097"},"modified":"2024-05-07T13:24:51","modified_gmt":"2024-05-07T11:24:51","slug":"aviso-legal","status":"publish","type":"page","link":"https:\/\/www.hawita-group.com\/es\/aviso-legal\/","title":{"rendered":"Aviso legal"},"content":{"rendered":"\n<p class=\"has-large-font-size\">Aviso legal<\/p>\n\n\n\n<p>HAWITA Gruppe GmbH<br>Hans-Tabeling-Str. 1<br>D-49377 Vechta<br>GERMANY<\/p>\n\n\n\n<p>Tel.: +49 \/ (0) 44 41 &#8211; 93 95 0<br>Fax: +49 \/ (0) 44 41 &#8211; 93 95 55<\/p>\n\n\n\n<p>E-mail: info@hawita-group.com<br><br>Registro mercantil: HR Amtsgericht Oldenburg &#8211; HRB 110658<br>NIF: DE 117 781 370<br><br>Gerente:<br>Simon Tabeling<\/p>\n\n\n\n<p><strong>La responsabilidad del contenido<br><\/strong>Aunque el contenido de nuestras p\u00e1ginas ha sido elaborado con mucho cuidado, no podemos asumir ninguna responsabilidad por la exactitud, integridad y actualidad del contenido. Como proveedores de servicios somos responsables de nuestros propios contenidos en estas p\u00e1ginas de acuerdo con la legislaci\u00f3n general, de conformidad con el art\u00edculo 6, apartado 1 de la Ley de Protecci\u00f3n de Datos de Servicios de Comunicaci\u00f3n (MDStV) y el art\u00edculo 8, apartado 1 de la Ley de Teleservicios (TDG). Sin embargo, los proveedores de servicios no est\u00e1n obligados a supervisar la informaci\u00f3n de terceros que transmiten o almacenan o a investigar los factores que apuntan a una actividad ilegal. Las obligaciones relativas a la eliminaci\u00f3n o el bloqueo del uso de la informaci\u00f3n de acuerdo con la legislaci\u00f3n general no se ven afectadas por ello. Sin embargo, la responsabilidad a este respecto s\u00f3lo es posible despu\u00e9s del momento en que se conoce una violaci\u00f3n jur\u00eddica espec\u00edfica. Si se dan a conocer las correspondientes violaciones legales, eliminaremos inmediatamente estos contenidos.<\/p>\n\n\n\n<p><strong>Derechos de autor<br><\/strong>Los responsables de las p\u00e1ginas siempre se esfuerzan por respetar los derechos de autor de los dem\u00e1s y\/o por basarse en obras de creaci\u00f3n propia y sin licencia. Los contenidos y obras que los responsables de estas p\u00e1ginas han creado est\u00e1n sujetos a la ley de derechos de autor alemana. Las contribuciones de terceros se indican como tales. La reproducci\u00f3n, procesamiento, difusi\u00f3n y cualquier tipo de utilizaci\u00f3n m\u00e1s all\u00e1 de los l\u00edmites de los derechos de autor requieren la aprobaci\u00f3n por escrito del respectivo autor o creador. Las descargas y copias de estas p\u00e1ginas s\u00f3lo se permiten para uso privado y no comercial.<\/p>\n\n\n\n<p><strong>Responsabilidad por los enlaces<br><\/strong>Nuestras p\u00e1ginas contienen enlaces a sitios web externos de terceros. Dado que no tenemos ninguna influencia en sus contenidos, no podemos asumir ninguna responsabilidad por ellos. El respectivo proveedor u operador de las p\u00e1ginas es siempre responsable de los contenidos de las p\u00e1ginas enlazadas. Estas p\u00e1ginas han sido comprobadas en cuanto a posibles infracciones legales en el momento en que fueron enlazadas. En el momento de la vinculaci\u00f3n, no se identificaron contenidos ilegales. Sin embargo, no es razonable un control permanente de los contenidos de las p\u00e1ginas enlazadas sin indicios concretos de una violaci\u00f3n legal. En caso de que se conozcan violaciones legales, eliminaremos dichos enlaces de inmediato.<\/p>\n\n\n\n<p><strong>Protecci\u00f3n de datos<br><\/strong>En la medida en que nuestras p\u00e1ginas recogen datos personales como el nombre, la direcci\u00f3n o las direcciones de correo electr\u00f3nico, esto siempre se hace de forma voluntaria en la medida de lo posible. La utilizaci\u00f3n de las ofertas y servicios es, en la medida de lo posible, siempre posible sin proporcionar informaci\u00f3n personal. Por la presente se opone expresamente a la utilizaci\u00f3n por parte de terceros de los datos de contacto publicados en el marco de la obligaci\u00f3n de publicaci\u00f3n del pie de imprenta para el env\u00edo de material publicitario e informativo no solicitado expresamente. Los operadores de la p\u00e1gina se reservan expresamente el derecho a tomar medidas legales en caso de que se produzca un env\u00edo no deseado de material publicitario o de correo electr\u00f3nico, por ejemplo, spam.<\/p>\n\n\n\n<p><strong>Ampliaci\u00f3n de las indicaciones de protecci\u00f3n de datos para Google Analytics:<br><\/strong>Esta p\u00e1gina web utiliza Google Analytics, un servicio de an\u00e1lisis web de Google Inc. (&#8222;Google&#8220;) que utiliza las llamadas &#8222;cookies&#8220;, archivos de texto que se almacenan en su ordenador para facilitar el an\u00e1lisis del uso de la p\u00e1gina web por usted. La informaci\u00f3n que proporcionan las cookies sobre el uso que usted hace de la p\u00e1gina web (incluida su direcci\u00f3n IP) se env\u00eda a un servidor de Google en los EE.UU. y se almacena all\u00ed. Google utiliza esta informaci\u00f3n para evaluar su utilizaci\u00f3n de la p\u00e1gina web, recopilar informes sobre las actividades de la p\u00e1gina web para los operadores de la misma y para prestar otros servicios relacionados con la utilizaci\u00f3n de la p\u00e1gina web y el uso de Internet. En su caso, Google tambi\u00e9n transmitir\u00e1 esta informaci\u00f3n a terceros en la medida en que est\u00e9 legalmente permitido o en la medida en que terceros procesen estos datos por encargo de Google. Google no relacionar\u00e1 en ning\u00fan caso su direcci\u00f3n IP con otros datos de Google. Puede evitar la instalaci\u00f3n de las cookies ajustando el software de su navegador en consecuencia, pero debemos se\u00f1alar que en este caso es posible que no pueda utilizar plenamente todas las funciones del sitio web. Al utilizar este sitio web, usted declara estar de acuerdo con la forma en que Google procesa sus datos recopilados en la forma descrita anteriormente y para el prop\u00f3sito mencionado anteriormente.<\/p>\n\n\n\n<hr class=\"wp-block-separator is-style-wide\"\/>\n\n\n\n<div class=\"wp-container-1 wp-block-buttons\">\n<div class=\"wp-block-button\"><a class=\"wp-block-button__link has-background\" href=\"https:\/\/www.hawita-group.com\/es\/wp-content\/uploads\/sites\/2\/2024\/05\/Aviso-legal-Hawita-2.pdf\" style=\"background-color:#abc433\">Descargar Aviso legal<\/a><\/div>\n<\/div>\n","protected":false},"excerpt":{"rendered":"<p>Aviso legal HAWITA Gruppe GmbHHans-Tabeling-Str. 1D-49377 VechtaGERMANY Tel.: +49 \/ (0) 44 41 &#8211; 93 95 0Fax: +49 \/ (0) 44 41 &#8211; 93 95 55 E-mail: info@hawita-group.com Registro mercantil: HR Amtsgericht Oldenburg &#8211; HRB 110658NIF: DE 117 781 370 Gerente:Simon Tabeling La responsabilidad del contenidoAunque el contenido de nuestras p\u00e1ginas ha sido elaborado con &hellip; <\/p>\n<p class=\"link-more\"><a href=\"https:\/\/www.hawita-group.com\/es\/aviso-legal\/\" class=\"more-link\"><span class=\"screen-reader-text\">\u201eAviso legal\u201c<\/span> weiterlesen<\/a><\/p>\n","protected":false},"author":1,"featured_media":0,"parent":0,"menu_order":0,"comment_status":"closed","ping_status":"closed","template":"","meta":[],"yoast_head":"<!-- This site is optimized with the Yoast SEO plugin v18.2 - https:\/\/yoast.com\/wordpress\/plugins\/seo\/ -->\n<title>Aviso legal - Hawita Group GmbH - ES<\/title>\n<meta name=\"description\" content=\"El grupo HAWITA es una empresa de nivel internacional con actualmente m\u00e1s de 400 empleados, ocho f\u00e1bricas de producci\u00f3n y m\u00e1s de 4500 ha de turberas en Alemania y el B\u00e1ltico.\" \/>\n<meta name=\"robots\" content=\"index, follow, max-snippet:-1, max-image-preview:large, max-video-preview:-1\" \/>\n<link rel=\"canonical\" href=\"https:\/\/www.hawita-group.com\/es\/aviso-legal\/\" \/>\n<meta property=\"og:locale\" content=\"de_DE\" \/>\n<meta property=\"og:type\" content=\"article\" \/>\n<meta property=\"og:title\" content=\"Aviso legal - Hawita Group GmbH - ES\" \/>\n<meta property=\"og:description\" content=\"El grupo HAWITA es una empresa de nivel internacional con actualmente m\u00e1s de 400 empleados, ocho f\u00e1bricas de producci\u00f3n y m\u00e1s de 4500 ha de turberas en Alemania y el B\u00e1ltico.\" \/>\n<meta property=\"og:url\" content=\"https:\/\/www.hawita-group.com\/es\/aviso-legal\/\" \/>\n<meta property=\"og:site_name\" content=\"Hawita Group GmbH - ES\" \/>\n<meta property=\"article:publisher\" content=\"https:\/\/www.facebook.com\/hawitagruppe\" \/>\n<meta property=\"article:modified_time\" content=\"2024-05-07T11:24:51+00:00\" \/>\n<meta name=\"twitter:card\" content=\"summary_large_image\" \/>\n<meta name=\"twitter:label1\" content=\"Gesch\u00e4tzte Lesezeit\" \/>\n\t<meta name=\"twitter:data1\" content=\"5\u00a0Minuten\" \/>\n<script type=\"application\/ld+json\" class=\"yoast-schema-graph\">{\"@context\":\"https:\/\/schema.org\",\"@graph\":[{\"@type\":\"Organization\",\"@id\":\"https:\/\/www.hawita-group.com\/es\/#organization\",\"name\":\"Hawita Group GmbH\",\"url\":\"https:\/\/www.hawita-group.com\/es\/\",\"sameAs\":[\"https:\/\/www.facebook.com\/hawitagruppe\"],\"logo\":{\"@type\":\"ImageObject\",\"@id\":\"https:\/\/www.hawita-group.com\/es\/#logo\",\"inLanguage\":\"de\",\"url\":\"https:\/\/www.hawita-group.com\/es\/wp-content\/uploads\/sites\/2\/2020\/09\/Hawita-Logo-mit-gruenem-Kasten.png\",\"contentUrl\":\"https:\/\/www.hawita-group.com\/es\/wp-content\/uploads\/sites\/2\/2020\/09\/Hawita-Logo-mit-gruenem-Kasten.png\",\"width\":2126,\"height\":1417,\"caption\":\"Hawita Group GmbH\"},\"image\":{\"@id\":\"https:\/\/www.hawita-group.com\/es\/#logo\"}},{\"@type\":\"WebSite\",\"@id\":\"https:\/\/www.hawita-group.com\/es\/#website\",\"url\":\"https:\/\/www.hawita-group.com\/es\/\",\"name\":\"Hawita Group GmbH - ES\",\"description\":\"\",\"publisher\":{\"@id\":\"https:\/\/www.hawita-group.com\/es\/#organization\"},\"potentialAction\":[{\"@type\":\"SearchAction\",\"target\":{\"@type\":\"EntryPoint\",\"urlTemplate\":\"https:\/\/www.hawita-group.com\/es\/?s={search_term_string}\"},\"query-input\":\"required name=search_term_string\"}],\"inLanguage\":\"de\"},{\"@type\":\"WebPage\",\"@id\":\"https:\/\/www.hawita-group.com\/es\/aviso-legal\/#webpage\",\"url\":\"https:\/\/www.hawita-group.com\/es\/aviso-legal\/\",\"name\":\"Aviso legal - Hawita Group GmbH - ES\",\"isPartOf\":{\"@id\":\"https:\/\/www.hawita-group.com\/es\/#website\"},\"datePublished\":\"2020-11-16T14:15:16+00:00\",\"dateModified\":\"2024-05-07T11:24:51+00:00\",\"description\":\"El grupo HAWITA es una empresa de nivel internacional con actualmente m\u00e1s de 400 empleados, ocho f\u00e1bricas de producci\u00f3n y m\u00e1s de 4500 ha de turberas en Alemania y el B\u00e1ltico.\",\"breadcrumb\":{\"@id\":\"https:\/\/www.hawita-group.com\/es\/aviso-legal\/#breadcrumb\"},\"inLanguage\":\"de\",\"potentialAction\":[{\"@type\":\"ReadAction\",\"target\":[\"https:\/\/www.hawita-group.com\/es\/aviso-legal\/\"]}]},{\"@type\":\"BreadcrumbList\",\"@id\":\"https:\/\/www.hawita-group.com\/es\/aviso-legal\/#breadcrumb\",\"itemListElement\":[{\"@type\":\"ListItem\",\"position\":1,\"name\":\"Startseite\",\"item\":\"https:\/\/www.hawita-group.com\/es\/\"},{\"@type\":\"ListItem\",\"position\":2,\"name\":\"Aviso legal\"}]}]}<\/script>\n<!-- \/ Yoast SEO plugin. -->","yoast_head_json":{"title":"Aviso legal - Hawita Group GmbH - ES","description":"El grupo HAWITA es una empresa de nivel internacional con actualmente m\u00e1s de 400 empleados, ocho f\u00e1bricas de producci\u00f3n y m\u00e1s de 4500 ha de turberas en Alemania y el B\u00e1ltico.","robots":{"index":"index","follow":"follow","max-snippet":"max-snippet:-1","max-image-preview":"max-image-preview:large","max-video-preview":"max-video-preview:-1"},"canonical":"https:\/\/www.hawita-group.com\/es\/aviso-legal\/","og_locale":"de_DE","og_type":"article","og_title":"Aviso legal - Hawita Group GmbH - ES","og_description":"El grupo HAWITA es una empresa de nivel internacional con actualmente m\u00e1s de 400 empleados, ocho f\u00e1bricas de producci\u00f3n y m\u00e1s de 4500 ha de turberas en Alemania y el B\u00e1ltico.","og_url":"https:\/\/www.hawita-group.com\/es\/aviso-legal\/","og_site_name":"Hawita Group GmbH - ES","article_publisher":"https:\/\/www.facebook.com\/hawitagruppe","article_modified_time":"2024-05-07T11:24:51+00:00","twitter_card":"summary_large_image","twitter_misc":{"Gesch\u00e4tzte Lesezeit":"5\u00a0Minuten"},"schema":{"@context":"https:\/\/schema.org","@graph":[{"@type":"Organization","@id":"https:\/\/www.hawita-group.com\/es\/#organization","name":"Hawita Group GmbH","url":"https:\/\/www.hawita-group.com\/es\/","sameAs":["https:\/\/www.facebook.com\/hawitagruppe"],"logo":{"@type":"ImageObject","@id":"https:\/\/www.hawita-group.com\/es\/#logo","inLanguage":"de","url":"https:\/\/www.hawita-group.com\/es\/wp-content\/uploads\/sites\/2\/2020\/09\/Hawita-Logo-mit-gruenem-Kasten.png","contentUrl":"https:\/\/www.hawita-group.com\/es\/wp-content\/uploads\/sites\/2\/2020\/09\/Hawita-Logo-mit-gruenem-Kasten.png","width":2126,"height":1417,"caption":"Hawita Group GmbH"},"image":{"@id":"https:\/\/www.hawita-group.com\/es\/#logo"}},{"@type":"WebSite","@id":"https:\/\/www.hawita-group.com\/es\/#website","url":"https:\/\/www.hawita-group.com\/es\/","name":"Hawita Group GmbH - ES","description":"","publisher":{"@id":"https:\/\/www.hawita-group.com\/es\/#organization"},"potentialAction":[{"@type":"SearchAction","target":{"@type":"EntryPoint","urlTemplate":"https:\/\/www.hawita-group.com\/es\/?s={search_term_string}"},"query-input":"required name=search_term_string"}],"inLanguage":"de"},{"@type":"WebPage","@id":"https:\/\/www.hawita-group.com\/es\/aviso-legal\/#webpage","url":"https:\/\/www.hawita-group.com\/es\/aviso-legal\/","name":"Aviso legal - Hawita Group GmbH - ES","isPartOf":{"@id":"https:\/\/www.hawita-group.com\/es\/#website"},"datePublished":"2020-11-16T14:15:16+00:00","dateModified":"2024-05-07T11:24:51+00:00","description":"El grupo HAWITA es una empresa de nivel internacional con actualmente m\u00e1s de 400 empleados, ocho f\u00e1bricas de producci\u00f3n y m\u00e1s de 4500 ha de turberas en Alemania y el B\u00e1ltico.","breadcrumb":{"@id":"https:\/\/www.hawita-group.com\/es\/aviso-legal\/#breadcrumb"},"inLanguage":"de","potentialAction":[{"@type":"ReadAction","target":["https:\/\/www.hawita-group.com\/es\/aviso-legal\/"]}]},{"@type":"BreadcrumbList","@id":"https:\/\/www.hawita-group.com\/es\/aviso-legal\/#breadcrumb","itemListElement":[{"@type":"ListItem","position":1,"name":"Startseite","item":"https:\/\/www.hawita-group.com\/es\/"},{"@type":"ListItem","position":2,"name":"Aviso legal"}]}]}},"_links":{"self":[{"href":"https:\/\/www.hawita-group.com\/es\/wp-json\/wp\/v2\/pages\/1097"}],"collection":[{"href":"https:\/\/www.hawita-group.com\/es\/wp-json\/wp\/v2\/pages"}],"about":[{"href":"https:\/\/www.hawita-group.com\/es\/wp-json\/wp\/v2\/types\/page"}],"author":[{"embeddable":true,"href":"https:\/\/www.hawita-group.com\/es\/wp-json\/wp\/v2\/users\/1"}],"replies":[{"embeddable":true,"href":"https:\/\/www.hawita-group.com\/es\/wp-json\/wp\/v2\/comments?post=1097"}],"version-history":[{"count":8,"href":"https:\/\/www.hawita-group.com\/es\/wp-json\/wp\/v2\/pages\/1097\/revisions"}],"predecessor-version":[{"id":1256,"href":"https:\/\/www.hawita-group.com\/es\/wp-json\/wp\/v2\/pages\/1097\/revisions\/1256"}],"wp:attachment":[{"href":"https:\/\/www.hawita-group.com\/es\/wp-json\/wp\/v2\/media?parent=1097"}],"curies":[{"name":"wp","href":"https:\/\/api.w.org\/{rel}","templated":true}]}}